{"id":11304,"date":"2024-09-06T00:37:44","date_gmt":"2024-09-05T22:37:44","guid":{"rendered":"https:\/\/cursoidiomas.es\/cursos-2\/"},"modified":"2026-02-04T18:06:50","modified_gmt":"2026-02-04T17:06:50","slug":"curso","status":"publish","type":"page","link":"https:\/\/cursoidiomas.es\/es\/curso\/","title":{"rendered":"Cursos"},"content":{"rendered":"\t\t<div data-elementor-type=\"wp-page\" data-elementor-id=\"11304\" class=\"elementor elementor-11304 elementor-11261\" data-elementor-post-type=\"page\">\n\t\t\t\t\t\t<section class=\"elementor-section elementor-top-section elementor-element elementor-element-2cb9ac2 elementor-section-boxed elementor-section-height-default elementor-section-height-default\" data-id=\"2cb9ac2\" data-element_type=\"section\" data-e-type=\"section\">\n\t\t\t\t\t\t<div class=\"elementor-container elementor-column-gap-default\">\n\t\t\t\t\t<div class=\"elementor-column elementor-col-100 elementor-top-column elementor-element elementor-element-db86fe9\" data-id=\"db86fe9\" data-element_type=\"column\" data-e-type=\"column\">\n\t\t\t<div class=\"elementor-widget-wrap elementor-element-populated\">\n\t\t\t\t\t\t<div class=\"elementor-element elementor-element-a3f3a22 elementor-widget__width-auto elementor-widget elementor-widget-heading\" data-id=\"a3f3a22\" data-element_type=\"widget\" data-e-type=\"widget\" data-widget_type=\"heading.default\">\n\t\t\t\t<div class=\"elementor-widget-container\">\n\t\t\t\t\t<h5 class=\"elementor-heading-title elementor-size-default\">Paquetes de cursos<\/h5>\t\t\t\t<\/div>\n\t\t\t\t<\/div>\n\t\t\t\t\t<\/div>\n\t\t<\/div>\n\t\t\t\t\t<\/div>\n\t\t<\/section>\n\t\t\t\t<section class=\"elementor-section elementor-top-section elementor-element elementor-element-af6bc21 elementor-section-boxed elementor-section-height-default elementor-section-height-default\" data-id=\"af6bc21\" data-element_type=\"section\" data-e-type=\"section\">\n\t\t\t\t\t\t<div class=\"elementor-container elementor-column-gap-extended\">\n\t\t\t\t\t<div class=\"elementor-column elementor-col-50 elementor-top-column elementor-element elementor-element-1090485\" data-id=\"1090485\" data-element_type=\"column\" data-e-type=\"column\">\n\t\t\t<div class=\"elementor-widget-wrap elementor-element-populated\">\n\t\t\t\t\t\t<div class=\"elementor-element elementor-element-d8cb066 elementor-widget elementor-widget-heading\" data-id=\"d8cb066\" data-element_type=\"widget\" data-e-type=\"widget\" data-widget_type=\"heading.default\">\n\t\t\t\t<div class=\"elementor-widget-container\">\n\t\t\t\t\t<h4 class=\"elementor-heading-title elementor-size-default\">Noruego: Interactivo + Clases<\/h4>\t\t\t\t<\/div>\n\t\t\t\t<\/div>\n\t\t\t\t<div class=\"elementor-element elementor-element-25b1855 elementor-widget elementor-widget-text-editor\" data-id=\"25b1855\" data-element_type=\"widget\" data-e-type=\"widget\" data-widget_type=\"text-editor.default\">\n\t\t\t\t<div class=\"elementor-widget-container\">\n\t\t\t\t\t\t\t\t\t<p><strong><span style=\"white-space-collapse: preserve;\">Accede a lecciones y tareas interactivas y estudia cuando y donde quieras. Incluidas tutor\u00edas personales con un profesor una vez a la semana.<\/span><\/strong><\/p><p><span style=\"white-space-collapse: preserve;\">Inscr\u00edbete ahora para empezar a aprender noruego f\u00e1cilmente y a tu propio ritmo, desde la comodidad de tu casa o dondequiera que est\u00e9s.<\/span><\/p><p><span style=\"font-weight: bold; white-space-collapse: preserve;\">Anulaci\u00f3n gratuita en cualquier momento.<\/span><\/p>\t\t\t\t\t\t\t\t<\/div>\n\t\t\t\t<\/div>\n\t\t\t\t\t<\/div>\n\t\t<\/div>\n\t\t\t\t<div class=\"elementor-column elementor-col-50 elementor-top-column elementor-element elementor-element-719f021\" data-id=\"719f021\" data-element_type=\"column\" data-e-type=\"column\">\n\t\t\t<div class=\"elementor-widget-wrap elementor-element-populated\">\n\t\t\t\t\t\t<div class=\"elementor-element elementor-element-14bcfe0 elementor-grid-2 elementor-grid-mobile-1 elementor-grid-tablet-3 elementor-products-grid elementor-wc-products elementor-widget elementor-widget-woocommerce-products\" data-id=\"14bcfe0\" data-element_type=\"widget\" data-e-type=\"widget\" data-widget_type=\"woocommerce-products.default\">\n\t\t\t\t<div class=\"elementor-widget-container\">\n\t\t\t\t\t<div class=\"woocommerce columns-2 \"><ul class=\"products elementor-grid columns-2\">\n<li class=\"product type-product post-7974 status-publish first instock product_cat-noruego has-post-thumbnail downloadable virtual sold-individually taxable purchasable product-type-bundle\">\n\t<a href=\"https:\/\/cursoidiomas.es\/es\/producto\/norsk-interactivo-clases\/\" class=\"woocommerce-LoopProduct-link woocommerce-loop-product__link\"><img fetchpriority=\"high\" decoding=\"async\" width=\"600\" height=\"600\" src=\"https:\/\/cursoidiomas.es\/wp-content\/uploads\/2021\/11\/norway-flag-beautiful-nature-norway-natural-lands-2021-08-26-23-00-53-utc-600x600.jpg\" class=\"attachment-woocommerce_thumbnail size-woocommerce_thumbnail\" alt=\"Noruego: Curso interactivo + Clases\" srcset=\"https:\/\/cursoidiomas.es\/wp-content\/uploads\/2021\/11\/norway-flag-beautiful-nature-norway-natural-lands-2021-08-26-23-00-53-utc-600x600.jpg 600w, https:\/\/cursoidiomas.es\/wp-content\/uploads\/2021\/11\/norway-flag-beautiful-nature-norway-natural-lands-2021-08-26-23-00-53-utc-100x100.jpg 100w, https:\/\/cursoidiomas.es\/wp-content\/uploads\/2021\/11\/norway-flag-beautiful-nature-norway-natural-lands-2021-08-26-23-00-53-utc-150x150.jpg 150w, https:\/\/cursoidiomas.es\/wp-content\/uploads\/2021\/11\/norway-flag-beautiful-nature-norway-natural-lands-2021-08-26-23-00-53-utc-300x300.jpg 300w\" sizes=\"(max-width: 600px) 100vw, 600px\" \/><h2 class=\"woocommerce-loop-product__title\">Noruego: Curso interactivo + Clases<\/h2>\n\t<span class=\"price\"><span class=\"bundled_subscriptions_price_html\"><span class=\"bundled_sub_price_html\"><span class=\"woocommerce-Price-amount amount\"><bdi><span class=\"woocommerce-Price-currencySymbol\">&euro;<\/span>110.00<\/bdi><\/span> <span class=\"subscription-details\"> \/ month<\/span><\/span><\/span><\/span>\n<\/a><a href=\"\/es\/wp-json\/wp\/v2\/pages\/11304?add-to-cart=7974\" aria-describedby=\"woocommerce_loop_add_to_cart_link_describedby_7974\" data-quantity=\"1\" class=\"button product_type_bundle add_to_cart_button ajax_add_to_cart\" data-product_id=\"7974\" data-product_sku=\"nor-int-clas\" aria-label=\"Lee m\u00e1s sobre &ldquo;Noruego: Curso interactivo + Clases&rdquo;\" rel=\"nofollow\" role=\"button\">A\u00f1adir al carrito<\/a>\t<span id=\"woocommerce_loop_add_to_cart_link_describedby_7974\" class=\"screen-reader-text\">\n\t\t\t<\/span>\n<\/li>\n<\/ul>\n<\/div>\t\t\t\t<\/div>\n\t\t\t\t<\/div>\n\t\t\t\t\t<\/div>\n\t\t<\/div>\n\t\t\t\t\t<\/div>\n\t\t<\/section>\n\t\t\t\t<section class=\"elementor-section elementor-top-section elementor-element elementor-element-cbfd79b elementor-section-boxed elementor-section-height-default elementor-section-height-default\" data-id=\"cbfd79b\" data-element_type=\"section\" data-e-type=\"section\">\n\t\t\t\t\t\t<div class=\"elementor-container elementor-column-gap-default\">\n\t\t\t\t\t<div class=\"elementor-column elementor-col-100 elementor-top-column elementor-element elementor-element-218034c\" data-id=\"218034c\" data-element_type=\"column\" data-e-type=\"column\">\n\t\t\t<div class=\"elementor-widget-wrap elementor-element-populated\">\n\t\t\t\t\t\t<div class=\"elementor-element elementor-element-8b0634c elementor-widget-divider--view-line elementor-widget elementor-widget-divider\" data-id=\"8b0634c\" data-element_type=\"widget\" data-e-type=\"widget\" data-widget_type=\"divider.default\">\n\t\t\t\t<div class=\"elementor-widget-container\">\n\t\t\t\t\t\t\t<div class=\"elementor-divider\">\n\t\t\t<span class=\"elementor-divider-separator\">\n\t\t\t\t\t\t<\/span>\n\t\t<\/div>\n\t\t\t\t\t\t<\/div>\n\t\t\t\t<\/div>\n\t\t\t\t\t<\/div>\n\t\t<\/div>\n\t\t\t\t\t<\/div>\n\t\t<\/section>\n\t\t\t\t<section class=\"elementor-section elementor-top-section elementor-element elementor-element-2dd0877 elementor-section-boxed elementor-section-height-default elementor-section-height-default\" data-id=\"2dd0877\" data-element_type=\"section\" data-e-type=\"section\">\n\t\t\t\t\t\t<div class=\"elementor-container elementor-column-gap-default\">\n\t\t\t\t\t<div class=\"elementor-column elementor-col-100 elementor-top-column elementor-element elementor-element-f84a12b\" data-id=\"f84a12b\" data-element_type=\"column\" data-e-type=\"column\">\n\t\t\t<div class=\"elementor-widget-wrap elementor-element-populated\">\n\t\t\t\t\t\t<div class=\"elementor-element elementor-element-32d8c1c elementor-widget__width-auto elementor-widget elementor-widget-heading\" data-id=\"32d8c1c\" data-element_type=\"widget\" data-e-type=\"widget\" data-widget_type=\"heading.default\">\n\t\t\t\t<div class=\"elementor-widget-container\">\n\t\t\t\t\t<h5 class=\"elementor-heading-title elementor-size-default\">Suscripciones individuales<\/h5>\t\t\t\t<\/div>\n\t\t\t\t<\/div>\n\t\t\t\t\t<\/div>\n\t\t<\/div>\n\t\t\t\t\t<\/div>\n\t\t<\/section>\n\t\t\t\t<section class=\"elementor-section elementor-top-section elementor-element elementor-element-c1d435b elementor-section-boxed elementor-section-height-default elementor-section-height-default\" data-id=\"c1d435b\" data-element_type=\"section\" data-e-type=\"section\">\n\t\t\t\t\t\t<div class=\"elementor-container elementor-column-gap-default\">\n\t\t\t\t\t<div class=\"elementor-column elementor-col-100 elementor-top-column elementor-element elementor-element-9d6d82e\" data-id=\"9d6d82e\" data-element_type=\"column\" data-e-type=\"column\">\n\t\t\t<div class=\"elementor-widget-wrap elementor-element-populated\">\n\t\t\t\t\t\t<div class=\"elementor-element elementor-element-c3a168c elementor-widget elementor-widget-heading\" data-id=\"c3a168c\" data-element_type=\"widget\" data-e-type=\"widget\" data-widget_type=\"heading.default\">\n\t\t\t\t<div class=\"elementor-widget-container\">\n\t\t\t\t\t<h4 class=\"elementor-heading-title elementor-size-default\">Cursos interactivos<\/h4>\t\t\t\t<\/div>\n\t\t\t\t<\/div>\n\t\t\t\t<div class=\"elementor-element elementor-element-1371fec elementor-widget__width-initial elementor-widget elementor-widget-text-editor\" data-id=\"1371fec\" data-element_type=\"widget\" data-e-type=\"widget\" data-widget_type=\"text-editor.default\">\n\t\t\t\t<div class=\"elementor-widget-container\">\n\t\t\t\t\t\t\t\t\t<p><strong>Accede a lecciones y tareas interactivas y estudia cuando y donde quieras.<\/strong><\/p><p>Las clases en directo con un profesor no est\u00e1n incluidas, pero pueden a\u00f1adirse m\u00e1s adelante, o puedes comprar un paquete de cursos.<\/p><p><strong>Anulaci\u00f3n gratuita en cualquier momento.<\/strong><\/p>\t\t\t\t\t\t\t\t<\/div>\n\t\t\t\t<\/div>\n\t\t\t\t\t<\/div>\n\t\t<\/div>\n\t\t\t\t\t<\/div>\n\t\t<\/section>\n\t\t\t\t<section class=\"elementor-section elementor-top-section elementor-element elementor-element-8ee1805 elementor-section-boxed elementor-section-height-default elementor-section-height-default\" data-id=\"8ee1805\" data-element_type=\"section\" data-e-type=\"section\">\n\t\t\t\t\t\t<div class=\"elementor-container elementor-column-gap-default\">\n\t\t\t\t\t<div class=\"elementor-column elementor-col-100 elementor-top-column elementor-element elementor-element-ee281ce\" data-id=\"ee281ce\" data-element_type=\"column\" data-e-type=\"column\">\n\t\t\t<div class=\"elementor-widget-wrap elementor-element-populated\">\n\t\t\t\t\t\t<div class=\"elementor-element elementor-element-f183c9f elementor-grid-3 elementor-grid-mobile-1 elementor-grid-tablet-3 elementor-products-grid elementor-wc-products elementor-widget elementor-widget-woocommerce-products\" data-id=\"f183c9f\" data-element_type=\"widget\" data-e-type=\"widget\" data-widget_type=\"woocommerce-products.default\">\n\t\t\t\t<div class=\"elementor-widget-container\">\n\t\t\t\t\t<div class=\"woocommerce columns-3 \"><ul class=\"products elementor-grid columns-3\">\n<li class=\"product type-product post-7421 status-publish first instock product_cat-noruego has-post-thumbnail downloadable virtual sold-individually taxable purchasable product-type-subscription\">\n\t<a href=\"https:\/\/cursoidiomas.es\/es\/producto\/noruego-interactivo\/\" class=\"woocommerce-LoopProduct-link woocommerce-loop-product__link\"><img decoding=\"async\" width=\"600\" height=\"600\" src=\"https:\/\/cursoidiomas.es\/wp-content\/uploads\/2022\/03\/norwegian_course_interactive-600x600.png\" class=\"attachment-woocommerce_thumbnail size-woocommerce_thumbnail\" alt=\"Noruego: Curso interactivo\" srcset=\"https:\/\/cursoidiomas.es\/wp-content\/uploads\/2022\/03\/norwegian_course_interactive-600x599.png 600w, https:\/\/cursoidiomas.es\/wp-content\/uploads\/2022\/03\/norwegian_course_interactive-100x100.png 100w, https:\/\/cursoidiomas.es\/wp-content\/uploads\/2022\/03\/norwegian_course_interactive-300x300.png 300w, https:\/\/cursoidiomas.es\/wp-content\/uploads\/2022\/03\/norwegian_course_interactive-150x150.png 150w, https:\/\/cursoidiomas.es\/wp-content\/uploads\/2022\/03\/norwegian_course_interactive-768x767.png 768w, https:\/\/cursoidiomas.es\/wp-content\/uploads\/2022\/03\/norwegian_course_interactive-50x50.png 50w, https:\/\/cursoidiomas.es\/wp-content\/uploads\/2022\/03\/norwegian_course_interactive.png 1001w\" sizes=\"(max-width: 600px) 100vw, 600px\" \/><h2 class=\"woocommerce-loop-product__title\">Noruego: Curso interactivo<\/h2>\n\t<span class=\"price\"><span class=\"woocommerce-Price-amount amount\"><bdi><span class=\"woocommerce-Price-currencySymbol\">&euro;<\/span>40.00<\/bdi><\/span> <span class=\"subscription-details\"> \/ month<\/span><\/span>\n<\/a><a href=\"\/es\/wp-json\/wp\/v2\/pages\/11304?add-to-cart=7421\" aria-describedby=\"woocommerce_loop_add_to_cart_link_describedby_7421\" data-quantity=\"1\" class=\"button product_type_subscription add_to_cart_button ajax_add_to_cart\" data-product_id=\"7421\" data-product_sku=\"nor-int\" aria-label=\"Reg\u00edstrate ahora: &ldquo;Noruego: Curso interactivo&rdquo;\" rel=\"nofollow\" data-success_message=\"\u00abNoruego: Curso interactivo\u00bb se ha a\u00f1adido a tu carrito\" role=\"button\">Reg\u00edstrate ahora<\/a>\t<span id=\"woocommerce_loop_add_to_cart_link_describedby_7421\" class=\"screen-reader-text\">\n\t\t\t<\/span>\n<\/li>\n<\/ul>\n<\/div>\t\t\t\t<\/div>\n\t\t\t\t<\/div>\n\t\t\t\t\t<\/div>\n\t\t<\/div>\n\t\t\t\t\t<\/div>\n\t\t<\/section>\n\t\t\t\t<section class=\"elementor-section elementor-top-section elementor-element elementor-element-7793960 elementor-section-boxed elementor-section-height-default elementor-section-height-default\" data-id=\"7793960\" data-element_type=\"section\" data-e-type=\"section\">\n\t\t\t\t\t\t<div class=\"elementor-container elementor-column-gap-default\">\n\t\t\t\t\t<div class=\"elementor-column elementor-col-100 elementor-top-column elementor-element elementor-element-889244a\" data-id=\"889244a\" data-element_type=\"column\" data-e-type=\"column\">\n\t\t\t<div class=\"elementor-widget-wrap elementor-element-populated\">\n\t\t\t\t\t\t<div class=\"elementor-element elementor-element-a0f18eb elementor-widget-divider--view-line elementor-widget elementor-widget-divider\" data-id=\"a0f18eb\" data-element_type=\"widget\" data-e-type=\"widget\" data-widget_type=\"divider.default\">\n\t\t\t\t<div class=\"elementor-widget-container\">\n\t\t\t\t\t\t\t<div class=\"elementor-divider\">\n\t\t\t<span class=\"elementor-divider-separator\">\n\t\t\t\t\t\t<\/span>\n\t\t<\/div>\n\t\t\t\t\t\t<\/div>\n\t\t\t\t<\/div>\n\t\t\t\t\t<\/div>\n\t\t<\/div>\n\t\t\t\t\t<\/div>\n\t\t<\/section>\n\t\t\t\t<section class=\"elementor-section elementor-top-section elementor-element elementor-element-2b4c95e elementor-section-boxed elementor-section-height-default elementor-section-height-default\" data-id=\"2b4c95e\" data-element_type=\"section\" data-e-type=\"section\">\n\t\t\t\t\t\t<div class=\"elementor-container elementor-column-gap-default\">\n\t\t\t\t\t<div class=\"elementor-column elementor-col-100 elementor-top-column elementor-element elementor-element-ea6620f\" data-id=\"ea6620f\" data-element_type=\"column\" data-e-type=\"column\">\n\t\t\t<div class=\"elementor-widget-wrap elementor-element-populated\">\n\t\t\t\t\t\t<div class=\"elementor-element elementor-element-869fc88 elementor-widget__width-auto elementor-widget elementor-widget-heading\" data-id=\"869fc88\" data-element_type=\"widget\" data-e-type=\"widget\" data-widget_type=\"heading.default\">\n\t\t\t\t<div class=\"elementor-widget-container\">\n\t\t\t\t\t<h5 class=\"elementor-heading-title elementor-size-default\">Complementos para cursos interactivos<\/h5>\t\t\t\t<\/div>\n\t\t\t\t<\/div>\n\t\t\t\t\t<\/div>\n\t\t<\/div>\n\t\t\t\t\t<\/div>\n\t\t<\/section>\n\t\t\t\t<section class=\"elementor-section elementor-top-section elementor-element elementor-element-a0f09bb elementor-section-boxed elementor-section-height-default elementor-section-height-default\" data-id=\"a0f09bb\" data-element_type=\"section\" data-e-type=\"section\">\n\t\t\t\t\t\t<div class=\"elementor-container elementor-column-gap-default\">\n\t\t\t\t\t<div class=\"elementor-column elementor-col-100 elementor-top-column elementor-element elementor-element-d2d294f\" data-id=\"d2d294f\" data-element_type=\"column\" data-e-type=\"column\">\n\t\t\t<div class=\"elementor-widget-wrap elementor-element-populated\">\n\t\t\t\t\t\t<div class=\"elementor-element elementor-element-29916cb elementor-widget elementor-widget-heading\" data-id=\"29916cb\" data-element_type=\"widget\" data-e-type=\"widget\" data-widget_type=\"heading.default\">\n\t\t\t\t<div class=\"elementor-widget-container\">\n\t\t\t\t\t<h4 class=\"elementor-heading-title elementor-size-default\">Clases con un profesor<\/h4>\t\t\t\t<\/div>\n\t\t\t\t<\/div>\n\t\t\t\t<div class=\"elementor-element elementor-element-b76cda9 elementor-widget__width-initial elementor-widget elementor-widget-text-editor\" data-id=\"b76cda9\" data-element_type=\"widget\" data-e-type=\"widget\" data-widget_type=\"text-editor.default\">\n\t\t\t\t<div class=\"elementor-widget-container\">\n\t\t\t\t\t\t\t\t\t<p><strong>Consigue clases particulares con un profesor una vez a la semana como suscripci\u00f3n o compra un pase de una semana solamente. <\/strong><strong>Se trata de un complemento, por lo que necesitas una suscripci\u00f3n activa a un curso interactivo.<\/strong><\/p><p>Recuerda concertar una cita con tu profesor con antelaci\u00f3n.<\/p><p><strong>Anulaci\u00f3n gratuita en cualquier momento.<\/strong><\/p>\t\t\t\t\t\t\t\t<\/div>\n\t\t\t\t<\/div>\n\t\t\t\t\t<\/div>\n\t\t<\/div>\n\t\t\t\t\t<\/div>\n\t\t<\/section>\n\t\t\t\t<section class=\"elementor-section elementor-top-section elementor-element elementor-element-143cbb2 elementor-section-boxed elementor-section-height-default elementor-section-height-default\" data-id=\"143cbb2\" data-element_type=\"section\" data-e-type=\"section\">\n\t\t\t\t\t\t<div class=\"elementor-container elementor-column-gap-default\">\n\t\t\t\t\t<div class=\"elementor-column elementor-col-100 elementor-top-column elementor-element elementor-element-0a5f2db\" data-id=\"0a5f2db\" data-element_type=\"column\" data-e-type=\"column\">\n\t\t\t<div class=\"elementor-widget-wrap elementor-element-populated\">\n\t\t\t\t\t\t<div class=\"elementor-element elementor-element-5e4bd6f elementor-grid-3 elementor-grid-mobile-1 elementor-grid-tablet-3 elementor-products-grid elementor-wc-products elementor-widget elementor-widget-woocommerce-products\" data-id=\"5e4bd6f\" data-element_type=\"widget\" data-e-type=\"widget\" data-widget_type=\"woocommerce-products.default\">\n\t\t\t\t<div class=\"elementor-widget-container\">\n\t\t\t\t\t<div class=\"woocommerce columns-3 \"><ul class=\"products elementor-grid columns-3\">\n<li class=\"product type-product post-8021 status-publish first instock product_cat-noruego has-post-thumbnail sold-individually taxable shipping-taxable purchasable product-type-variable-subscription has-default-attributes\">\n\t<a href=\"https:\/\/cursoidiomas.es\/es\/producto\/noruego-clases-en-vivo-complemento\/\" class=\"woocommerce-LoopProduct-link woocommerce-loop-product__link\"><img decoding=\"async\" width=\"600\" height=\"600\" src=\"https:\/\/cursoidiomas.es\/wp-content\/uploads\/2022\/10\/norwegian_course_classes-product-600x600.png\" class=\"attachment-woocommerce_thumbnail size-woocommerce_thumbnail\" alt=\"Noruego: Clases en directo (Complemento)\" srcset=\"https:\/\/cursoidiomas.es\/wp-content\/uploads\/2022\/10\/norwegian_course_classes-product-600x600.png 600w, https:\/\/cursoidiomas.es\/wp-content\/uploads\/2022\/10\/norwegian_course_classes-product-100x100.png 100w, https:\/\/cursoidiomas.es\/wp-content\/uploads\/2022\/10\/norwegian_course_classes-product-300x300.png 300w, https:\/\/cursoidiomas.es\/wp-content\/uploads\/2022\/10\/norwegian_course_classes-product-150x150.png 150w, https:\/\/cursoidiomas.es\/wp-content\/uploads\/2022\/10\/norwegian_course_classes-product-768x768.png 768w, https:\/\/cursoidiomas.es\/wp-content\/uploads\/2022\/10\/norwegian_course_classes-product-50x50.png 50w, https:\/\/cursoidiomas.es\/wp-content\/uploads\/2022\/10\/norwegian_course_classes-product.png 1001w\" sizes=\"(max-width: 600px) 100vw, 600px\" \/><h2 class=\"woocommerce-loop-product__title\">Noruego: Clases en directo (Complemento)<\/h2>\n\t<span class=\"price\"><span class=\"from\">Desde: <\/span><span class=\"woocommerce-Price-amount amount\"><bdi><span class=\"woocommerce-Price-currencySymbol\">&euro;<\/span>25.00<\/bdi><\/span> <span class=\"subscription-details\"> for 1 week<\/span><\/span>\n<\/a><a href=\"https:\/\/cursoidiomas.es\/es\/producto\/noruego-clases-en-vivo-complemento\/\" aria-describedby=\"woocommerce_loop_add_to_cart_link_describedby_8021\" data-quantity=\"1\" class=\"button product_type_variable-subscription add_to_cart_button\" data-product_id=\"8021\" data-product_sku=\"nor-clas\" aria-label=\"Elige las opciones para &ldquo;Noruego: Clases en directo (Complemento)&rdquo;\" rel=\"nofollow\">Seleccionar opciones<\/a>\t<span id=\"woocommerce_loop_add_to_cart_link_describedby_8021\" class=\"screen-reader-text\">\n\t\tEste producto tiene m\u00faltiples variantes. Las opciones se pueden elegir en la p\u00e1gina de producto\t<\/span>\n<\/li>\n<\/ul>\n<\/div>\t\t\t\t<\/div>\n\t\t\t\t<\/div>\n\t\t\t\t\t<\/div>\n\t\t<\/div>\n\t\t\t\t\t<\/div>\n\t\t<\/section>\n\t\t\t\t<\/div>\n\t\t","protected":false},"excerpt":{"rendered":"<p>Paquetes de cursos Noruego: Interactivo + Clases Accede a lecciones y tareas interactivas y estudia cuando y donde<\/p>\n","protected":false},"author":4,"featured_media":0,"parent":0,"menu_order":0,"comment_status":"closed","ping_status":"closed","template":"","meta":{"_acf_changed":false,"_tutorstarter_page_metadata":[],"footnotes":""},"class_list":["post-11304","page","type-page","status-publish","hentry"],"acf":[],"_links":{"self":[{"href":"https:\/\/cursoidiomas.es\/es\/wp-json\/wp\/v2\/pages\/11304","targetHints":{"allow":["GET"]}}],"collection":[{"href":"https:\/\/cursoidiomas.es\/es\/wp-json\/wp\/v2\/pages"}],"about":[{"href":"https:\/\/cursoidiomas.es\/es\/wp-json\/wp\/v2\/types\/page"}],"author":[{"embeddable":true,"href":"https:\/\/cursoidiomas.es\/es\/wp-json\/wp\/v2\/users\/4"}],"replies":[{"embeddable":true,"href":"https:\/\/cursoidiomas.es\/es\/wp-json\/wp\/v2\/comments?post=11304"}],"version-history":[{"count":16,"href":"https:\/\/cursoidiomas.es\/es\/wp-json\/wp\/v2\/pages\/11304\/revisions"}],"predecessor-version":[{"id":11746,"href":"https:\/\/cursoidiomas.es\/es\/wp-json\/wp\/v2\/pages\/11304\/revisions\/11746"}],"wp:attachment":[{"href":"https:\/\/cursoidiomas.es\/es\/wp-json\/wp\/v2\/media?parent=11304"}],"curies":[{"name":"wp","href":"https:\/\/api.w.org\/{rel}","templated":true}]}}