{"id":2687,"date":"2022-01-14T11:28:41","date_gmt":"2022-01-14T11:28:41","guid":{"rendered":"https:\/\/cursoidiomas.es\/faq\/"},"modified":"2024-01-15T15:26:09","modified_gmt":"2024-01-15T14:26:09","slug":"faq","status":"publish","type":"page","link":"https:\/\/cursoidiomas.es\/es\/faq\/","title":{"rendered":"Preguntas frequentes"},"content":{"rendered":"<h2 class=\"has-text-align-center wp-block-post-title\">Preguntas frequentes<\/h2>\n\n\n<div class=\"wp-block-qubely-row qubely-section qubely-block-737a9d\"><div class=\"qubely-row-overlay\"><\/div><div class=\"qubely-container\"><div class=\"qubely-row \">\n<div class=\"wp-block-qubely-column qubely-column qubely-column-front qubely-block-0a93b7\"><div class=\"qubely-column-inner\">\n<div class=\"qubely-block-accordion  qubely-block-1aefa4\" data-item-toggle=\"true\">\n<div class=\"wp-block-qubely-accordion-item qubely-block-934019\"><div class=\"qubely-accordion-item qubely-type-fill qubely-accordion-active\"><div class=\"qubely-accordion-panel qubely-icon-position-right\"><span class=\"qubely-accordion-panel-handler\" role=\"button\"><span class=\"qubely-accordion-panel-handler-label\">\u00bfQue es Cursoidiomas?<\/span><span class=\"qubely-accordion-icon fa fa-plus\"><\/span><\/span><\/div><div class=\"qubely-accordion-body\" style=\"display:block\"><div itemprop=\"text\">\n<p>Cursoidiomas es una plataforma de aprendizaje online que ofrece cursos de idiomas. Los cursos consisten en lecciones, tareas y ex\u00e1menes interactivos en el sitio, adem\u00e1s de clases en vivo y tutor\u00eda individual con un profesor.<\/p>\n<\/div><\/div><\/div><\/div>\n\n\n\n<div class=\"wp-block-qubely-accordion-item qubely-block-646488\"><div class=\"qubely-accordion-item qubely-type-fill false\"><div class=\"qubely-accordion-panel qubely-icon-position-right\"><span class=\"qubely-accordion-panel-handler\" role=\"button\"><span class=\"qubely-accordion-panel-handler-label\">\u00bfQu\u00e9 idiomas ofrecen?<\/span><span class=\"qubely-accordion-icon fa fa-plus\"><\/span><\/span><\/div><div class=\"qubely-accordion-body\"><div itemprop=\"text\">\n<p>Actualmente ofrecemos cursos de noruego y espa\u00f1ol que consta de tres niveles: principiante, intermedio y avanzado.<\/p>\n<\/div><\/div><\/div><\/div>\n\n\n\n<div class=\"wp-block-qubely-accordion-item qubely-block-311517\"><div class=\"qubely-accordion-item qubely-type-fill false\"><div class=\"qubely-accordion-panel qubely-icon-position-right\"><span class=\"qubely-accordion-panel-handler\" role=\"button\"><span class=\"qubely-accordion-panel-handler-label\">\u00bfCu\u00e1nto cuestan los cursos?<\/span><span class=\"qubely-accordion-icon fa fa-plus\"><\/span><\/span><\/div><div class=\"qubely-accordion-body\"><div itemprop=\"text\">\n<p>Existe la opci\u00f3n de inscribirse un curso interactivo por s\u00f3lo 30\u20ac al mes, o a un curso completo que incluye clases en vivo con un profesor por 65\u20ac adicionales. Los subscripciones no tienen permanencia y puedes cancelar en cualquier momento despu\u00e9s del primer mes.<\/p>\n<\/div><\/div><\/div><\/div>\n\n\n\n<div class=\"wp-block-qubely-accordion-item qubely-block-75ee14\"><div class=\"qubely-accordion-item qubely-type-fill false\"><div class=\"qubely-accordion-panel qubely-icon-position-right\"><span class=\"qubely-accordion-panel-handler\" role=\"button\"><span class=\"qubely-accordion-panel-handler-label\">\u00bfCu\u00e1nto dura el per\u00edodo del curso?<\/span><span class=\"qubely-accordion-icon fa fa-plus\"><\/span><\/span><\/div><div class=\"qubely-accordion-body\"><div itemprop=\"text\">\n<p>Aproximadamente, los cursos tardan unos tres meses o m\u00e1s en completarse, dependiendo de su propio progreso. De toda manera, siempre estas libre de tomar el tiempo que te convenga. <\/p>\n<\/div><\/div><\/div><\/div>\n\n\n\n<div class=\"wp-block-qubely-accordion-item qubely-block-1abd62\"><div class=\"qubely-accordion-item qubely-type-fill false\"><div class=\"qubely-accordion-panel qubely-icon-position-right\"><span class=\"qubely-accordion-panel-handler\" role=\"button\"><span class=\"qubely-accordion-panel-handler-label\">\u00bfMe ayudar\u00e1 el curso de noruego cuando solicite trabajo en el extranjero, como en Noruega?<\/span><span class=\"qubely-accordion-icon fa fa-plus\"><\/span><\/span><\/div><div class=\"qubely-accordion-body\"><div itemprop=\"text\">\n<p>S\u00ed, despu\u00e9s de completar el curso de noruego de tres niveles y aprobar el llamado \u00abtest de Bergen\u00bb (Bergenstesten), podr\u00e1 trabajar legalmente en Noruega.<\/p>\n<\/div><\/div><\/div><\/div>\n\n\n\n<div class=\"wp-block-qubely-accordion-item qubely-block-65887b\"><div class=\"qubely-accordion-item qubely-type-fill false\"><div class=\"qubely-accordion-panel qubely-icon-position-right\"><span class=\"qubely-accordion-panel-handler\" role=\"button\"><span class=\"qubely-accordion-panel-handler-label\">\u00bfPuedo pasar directamente a un nivel de curso superior?<\/span><span class=\"qubely-accordion-icon fa fa-plus\"><\/span><\/span><\/div><div class=\"qubely-accordion-body\"><div itemprop=\"text\">\n<p>Normalmente comienzas en el nivel de principiante y luego pasas al siguiente despu\u00e9s de completar el curso y aprobar el examen. Sin embargo, puede saltar directamente al nivel intermedio o avanzado si puede aprobar una prueba de ingreso. Por favor contactese para mas informaci\u00f3n.<\/p>\n<\/div><\/div><\/div><\/div>\n\n\n\n<div class=\"wp-block-qubely-accordion-item qubely-block-0005e0\"><div class=\"qubely-accordion-item qubely-type-fill false\"><div class=\"qubely-accordion-panel qubely-icon-position-right\"><span class=\"qubely-accordion-panel-handler\" role=\"button\"><span class=\"qubely-accordion-panel-handler-label\">\u00bfPuedo comunicarme directamente con un profesor?<\/span><span class=\"qubely-accordion-icon fa fa-plus\"><\/span><\/span><\/div><div class=\"qubely-accordion-body\"><div itemprop=\"text\">\n<p>S\u00ed, cada estudiante puede comunicarse con el maestro a trav\u00e9s del sistema integrado de mensajes de preguntas y respuestas y recibir una respuesta directamente. Tambi\u00e9n puede hacer preguntas durante las clases en vivo y las sesiones individuales de tutor\u00eda de estudiantes y maestros.<\/p>\n<\/div><\/div><\/div><\/div>\n\n\n\n<div class=\"wp-block-qubely-accordion-item qubely-block-4eaba0\"><div class=\"qubely-accordion-item qubely-type-fill false\"><div class=\"qubely-accordion-panel qubely-icon-position-right\"><span class=\"qubely-accordion-panel-handler\" role=\"button\"><span class=\"qubely-accordion-panel-handler-label\">\u00bfC\u00f3mo puedo traducir palabras u oraciones?<\/span><span class=\"qubely-accordion-icon fa fa-plus\"><\/span><\/span><\/div><div class=\"qubely-accordion-body\"><div itemprop=\"text\">\n<p>Los cursos tienen un traductor integrado en lecciones y cuestionarios al que se puede acceder haciendo clic en el bot\u00f3n azul en el lado derecho de la pantalla.<\/p>\n<\/div><\/div><\/div><\/div>\n\n\n\n<div class=\"wp-block-qubely-accordion-item qubely-block-4df248\"><div class=\"qubely-accordion-item qubely-type-fill false\"><div class=\"qubely-accordion-panel qubely-icon-position-right\"><span class=\"qubely-accordion-panel-handler\" role=\"button\"><span class=\"qubely-accordion-panel-handler-label\">\u00bfC\u00f3mo funcionan las clases en vivo?<\/span><span class=\"qubely-accordion-icon fa fa-plus\"><\/span><\/span><\/div><div class=\"qubely-accordion-body\"><div itemprop=\"text\">\n<p>Las lecciones en vivo se enumeran en cada cap\u00edtulo del curso. Aqu\u00ed ver\u00e1s la hora exacta en la que est\u00e1 programada una lecci\u00f3n. Para unirse, simplemente haga clic en el bot\u00f3n Unirse en el navegador o Unirse en la aplicaci\u00f3n Zoom. Puede instalar la aplicaci\u00f3n de cliente de Zoom desde aqu\u00ed.<\/p>\n<\/div><\/div><\/div><\/div>\n<\/div>\n<\/div><\/div>\n<\/div><\/div><\/div>\n","protected":false},"excerpt":{"rendered":"","protected":false},"author":1,"featured_media":0,"parent":0,"menu_order":0,"comment_status":"closed","ping_status":"closed","template":"","meta":{"_acf_changed":false,"_tutorstarter_page_metadata":[],"footnotes":""},"class_list":["post-2687","page","type-page","status-publish","hentry"],"acf":[],"_links":{"self":[{"href":"https:\/\/cursoidiomas.es\/es\/wp-json\/wp\/v2\/pages\/2687","targetHints":{"allow":["GET"]}}],"collection":[{"href":"https:\/\/cursoidiomas.es\/es\/wp-json\/wp\/v2\/pages"}],"about":[{"href":"https:\/\/cursoidiomas.es\/es\/wp-json\/wp\/v2\/types\/page"}],"author":[{"embeddable":true,"href":"https:\/\/cursoidiomas.es\/es\/wp-json\/wp\/v2\/users\/1"}],"replies":[{"embeddable":true,"href":"https:\/\/cursoidiomas.es\/es\/wp-json\/wp\/v2\/comments?post=2687"}],"version-history":[{"count":13,"href":"https:\/\/cursoidiomas.es\/es\/wp-json\/wp\/v2\/pages\/2687\/revisions"}],"predecessor-version":[{"id":11092,"href":"https:\/\/cursoidiomas.es\/es\/wp-json\/wp\/v2\/pages\/2687\/revisions\/11092"}],"wp:attachment":[{"href":"https:\/\/cursoidiomas.es\/es\/wp-json\/wp\/v2\/media?parent=2687"}],"curies":[{"name":"wp","href":"https:\/\/api.w.org\/{rel}","templated":true}]}}