{"id":2744,"date":"2022-01-24T12:46:40","date_gmt":"2022-01-24T12:46:40","guid":{"rendered":"https:\/\/cursoidiomas.es\/about-cursoidiomas\/"},"modified":"2024-01-15T15:39:58","modified_gmt":"2024-01-15T14:39:58","slug":"about-cursoidiomas","status":"publish","type":"page","link":"https:\/\/cursoidiomas.es\/es\/about-cursoidiomas\/","title":{"rendered":"Acerca de cursoidiomas.es"},"content":{"rendered":"\n<div style=\"height:50px\" aria-hidden=\"true\" class=\"wp-block-spacer\"><\/div>\n\n\n\n<div class=\"wp-block-media-text is-stacked-on-mobile about-profile\" style=\"grid-template-columns:25% auto\"><figure class=\"wp-block-media-text__media\"><img fetchpriority=\"high\" decoding=\"async\" width=\"549\" height=\"767\" src=\"https:\/\/cursoidiomas.es\/wp-content\/uploads\/2024\/01\/marianne-profil-2.png\" alt=\"\" class=\"wp-image-11097 size-full\" srcset=\"https:\/\/cursoidiomas.es\/wp-content\/uploads\/2024\/01\/marianne-profil-2.png 549w, https:\/\/cursoidiomas.es\/wp-content\/uploads\/2024\/01\/marianne-profil-2-215x300.png 215w\" sizes=\"(max-width: 549px) 100vw, 549px\" \/><\/figure><div class=\"wp-block-media-text__content\">\n<h3 class=\"wp-block-heading\">Bienvenidos a cursoiDiomas.es<\/h3>\n\n\n\n<p>Mi nombre es Marianne Hoelstad. Soy originaria de Noruega pero he vivido en Espa\u00f1a durante muchos a\u00f1os dirigiendo varios negocios. Hasta 2020 fui editor de mi propia revista, adem\u00e1s de dirigir un grupo de teatro y ense\u00f1ar idiomas (espa\u00f1ol y noruego).<\/p>\n\n\n\n<p>Todav\u00eda doy clases de idiomas presenciales en mi \u00e1rea local. Sin embargo, para llegar a una audiencia m\u00e1s amplia, ahora tambi\u00e9n ofrezco cursos en l\u00ednea, tanto interactivos como en vivo a trav\u00e9s de Zoom. Adem\u00e1s, esto tambi\u00e9n te permite aprender a tu propio ritmo y estudiar cuando y donde quieras.<\/p>\n\n\n\n<p>Espero que pruebes mis programas de cursos y tambi\u00e9n te registres en clases individuales para que pueda guiarte en cada paso del camino hacia el aprendizaje de un nuevo idioma. Ten en cuenta que los cursos interactivos a\u00fan no est\u00e1n disponibles con comentarios en ingl\u00e9s, s\u00f3lo en espa\u00f1ol y noruego.<\/p>\n<\/div><\/div>\n\n\n\n<div style=\"height:50px\" aria-hidden=\"true\" class=\"wp-block-spacer\"><\/div>\n","protected":false},"excerpt":{"rendered":"<p>Bienvenidos a cursoiDiomas.es Mi nombre es Marianne Hoelstad. Soy originaria de Noruega pero he vivido en Espa\u00f1a durante<\/p>\n","protected":false},"author":1,"featured_media":0,"parent":0,"menu_order":0,"comment_status":"closed","ping_status":"closed","template":"","meta":{"_acf_changed":false,"_tutorstarter_page_metadata":[],"footnotes":""},"class_list":["post-2744","page","type-page","status-publish","hentry"],"acf":[],"_links":{"self":[{"href":"https:\/\/cursoidiomas.es\/es\/wp-json\/wp\/v2\/pages\/2744","targetHints":{"allow":["GET"]}}],"collection":[{"href":"https:\/\/cursoidiomas.es\/es\/wp-json\/wp\/v2\/pages"}],"about":[{"href":"https:\/\/cursoidiomas.es\/es\/wp-json\/wp\/v2\/types\/page"}],"author":[{"embeddable":true,"href":"https:\/\/cursoidiomas.es\/es\/wp-json\/wp\/v2\/users\/1"}],"replies":[{"embeddable":true,"href":"https:\/\/cursoidiomas.es\/es\/wp-json\/wp\/v2\/comments?post=2744"}],"version-history":[{"count":7,"href":"https:\/\/cursoidiomas.es\/es\/wp-json\/wp\/v2\/pages\/2744\/revisions"}],"predecessor-version":[{"id":11108,"href":"https:\/\/cursoidiomas.es\/es\/wp-json\/wp\/v2\/pages\/2744\/revisions\/11108"}],"wp:attachment":[{"href":"https:\/\/cursoidiomas.es\/es\/wp-json\/wp\/v2\/media?parent=2744"}],"curies":[{"name":"wp","href":"https:\/\/api.w.org\/{rel}","templated":true}]}}