{"id":2812,"date":"2022-01-24T12:00:31","date_gmt":"2022-01-24T12:00:31","guid":{"rendered":"https:\/\/cursoidiomas.es\/disclaimer\/"},"modified":"2022-01-25T09:23:09","modified_gmt":"2022-01-25T09:23:09","slug":"disclaimer","status":"publish","type":"page","link":"https:\/\/cursoidiomas.es\/es\/disclaimer\/","title":{"rendered":"Descargo de responsabilidad"},"content":{"rendered":"\n<!-- Legal document generated by Complianz | GDPR\/CCPA Cookie Consent https:\/\/wordpress.org\/plugins\/complianz-gdpr -->\n<div id=\"cmplz-document\" class=\"cmplz-document disclaimer cmplz-document-all\"><p>Marianne Hoelstad se compromete a mantener esta web actualizada y precisa. Si, a pesar de todo, encontrara algo incorrecto o desactualizado, le agradecer\u00edamos que nos lo hiciera saber. Por favor, indique en qu\u00e9 parte de la web ha le\u00eddo la informaci\u00f3n. La revisaremos lo antes posible. Por favor, env\u00ede su duda por correo electr\u00f3nico a: <span class=\"cmplz-obfuscate\">&#109;&#097;ri&#117;&#115;&#097;n&#100;erse&#110;@<span class=\"cmplz-fmail-domain\">e&#120;&#046;co&#109;<\/span>&#109;e.com<\/span>.<\/p><p>El uso de la web y todos sus componentes (incluidos los foros) est\u00e1 sujeto a las <a href=\"https:\/\/cursoidiomas.es\/terms-conditions\/\" target=\"_blank\">condiciones de uso<\/a>. El mero uso de esta web implica el conocimiento y la aceptaci\u00f3n de estas condiciones de uso.<\/p><p>Las respuestas y preguntas sobre privacidad enviadas por correo electr\u00f3nico o a trav\u00e9s de un formulario web ser\u00e1n tratadas de la misma manera que las cartas. Esto significa que puede esperar una respuesta nuestra en un plazo m\u00e1ximo de 1 mes. En el caso de solicitudes complejas, le informaremos en el plazo de 1 mes si necesitamos un m\u00e1ximo de 3 meses.<\/p><p>Cualquier dato personal que nos proporcione en el contexto de su respuesta o solicitud de informaci\u00f3n s\u00f3lo se utilizar\u00e1 de acuerdo con nuestra declaraci\u00f3n de privacidad.<\/p><p>Todos los derechos de propiedad intelectual sobre el contenido de esta web pertenecen a Marianne Hoelstad.<\/p><p>La copia, difusi\u00f3n y cualquier otro uso de estos materiales no est\u00e1 permitido sin el permiso escrito de Marianne Hoelstad, excepto y s\u00f3lo en la medida en que se estipule lo contrario en los reglamentos de la ley obligatoria (como el derecho de cita), a menos que el contenido espec\u00edfico dicte lo contrario.<\/p><p>Si tiene alguna pregunta o problema con la accesibilidad de la web, no dude en ponerse en contacto con nosotros.<\/p><\/div>","protected":false},"excerpt":{"rendered":"","protected":false},"author":1,"featured_media":0,"parent":0,"menu_order":0,"comment_status":"closed","ping_status":"closed","template":"","meta":{"_acf_changed":false,"_tutorstarter_page_metadata":[],"footnotes":""},"class_list":["post-2812","page","type-page","status-publish","hentry"],"acf":[],"_links":{"self":[{"href":"https:\/\/cursoidiomas.es\/es\/wp-json\/wp\/v2\/pages\/2812","targetHints":{"allow":["GET"]}}],"collection":[{"href":"https:\/\/cursoidiomas.es\/es\/wp-json\/wp\/v2\/pages"}],"about":[{"href":"https:\/\/cursoidiomas.es\/es\/wp-json\/wp\/v2\/types\/page"}],"author":[{"embeddable":true,"href":"https:\/\/cursoidiomas.es\/es\/wp-json\/wp\/v2\/users\/1"}],"replies":[{"embeddable":true,"href":"https:\/\/cursoidiomas.es\/es\/wp-json\/wp\/v2\/comments?post=2812"}],"version-history":[{"count":1,"href":"https:\/\/cursoidiomas.es\/es\/wp-json\/wp\/v2\/pages\/2812\/revisions"}],"predecessor-version":[{"id":2813,"href":"https:\/\/cursoidiomas.es\/es\/wp-json\/wp\/v2\/pages\/2812\/revisions\/2813"}],"wp:attachment":[{"href":"https:\/\/cursoidiomas.es\/es\/wp-json\/wp\/v2\/media?parent=2812"}],"curies":[{"name":"wp","href":"https:\/\/api.w.org\/{rel}","templated":true}]}}