{"id":8181,"date":"2022-10-12T12:58:15","date_gmt":"2022-10-12T12:58:15","guid":{"rendered":"https:\/\/cursoidiomas.es\/our-courses\/"},"modified":"2024-09-05T23:22:48","modified_gmt":"2024-09-05T21:22:48","slug":"our-courses","status":"publish","type":"page","link":"https:\/\/cursoidiomas.es\/es\/our-courses\/","title":{"rendered":"Nuestros cursos"},"content":{"rendered":"\n<div class=\"wp-block-qubely-row qubely-section qubely-block-2b124d\"><div class=\"qubely-row-overlay\"><\/div><div class=\"qubely-container\"><div class=\"qubely-row \">\n<div class=\"wp-block-qubely-column qubely-column qubely-column-front qubely-block-0b95cd\"><div class=\"qubely-column-inner\">\n<h3 class=\"wp-block-heading pre_heading has-medium-blue-color has-text-color\">Paquetes de cursos<\/h3>\n<\/div><\/div>\n<\/div><\/div><\/div>\n\n\n\n<div class=\"wp-block-qubely-row qubely-section qubely-block-aa347a\"><div class=\"qubely-row-overlay\"><\/div><div class=\"qubely-container\"><div class=\"qubely-row \">\n<div class=\"wp-block-qubely-column qubely-column qubely-column-front qubely-block-cf6b17\"><div class=\"qubely-column-inner\">\n<h2 class=\"wp-block-heading has-text-align-left\">Noruego:<br>Curso interactivo + Clases en vivo<\/h2>\n\n\n\n<p class=\"courses_text_block has-normal-plus-font-size\">Obtenga acceso a lecciones y tareas interactivas y estudie cuando y donde quiera. Incluido usted recibe ense\u00f1anza personal con un profesor una vez por semana.<\/p>\n\n\n\n<p class=\"courses_text_block has-normal-plus-font-size\">Inscr\u00edbete ahora para comenzar a aprender noruego f\u00e1cilmente y a tu propio ritmo, desde la comodidad de tu hogar o donde sea que est\u00e9s.<\/p>\n\n\n\n<p class=\"has-normal-plus-font-size\"><strong>Cancelaci\u00f3n gratuita en cualquier momento.<\/strong><\/p>\n\n\n\n<div style=\"height:30px\" aria-hidden=\"true\" class=\"wp-block-spacer\"><\/div>\n<\/div><\/div>\n\n\n\n<div class=\"wp-block-qubely-column qubely-column qubely-column-front qubely-block-8379f7\"><div class=\"qubely-column-inner\"><div data-block-name=\"woocommerce\/handpicked-products\" data-columns=\"2\" data-products=\"[7974]\" class=\"wc-block-grid wp-block-handpicked-products wp-block-woocommerce-handpicked-products wc-block-handpicked-products has-2-columns has-multiple-rows custom_product\"><ul class=\"wc-block-grid__products\"><li class=\"wc-block-grid__product\">\n\t\t\t\t<a href=\"https:\/\/cursoidiomas.es\/es\/producto\/norsk-interactivo-clases\/\" class=\"wc-block-grid__product-link\">\n\t\t\t\t\t\n\t\t\t\t\t<div class=\"wc-block-grid__product-image\"><img fetchpriority=\"high\" decoding=\"async\" width=\"600\" height=\"600\" src=\"https:\/\/cursoidiomas.es\/wp-content\/uploads\/2021\/11\/norway-flag-beautiful-nature-norway-natural-lands-2021-08-26-23-00-53-utc-600x600.jpg\" class=\"attachment-woocommerce_thumbnail size-woocommerce_thumbnail\" alt=\"Noruego: Curso interactivo + Clases\" srcset=\"https:\/\/cursoidiomas.es\/wp-content\/uploads\/2021\/11\/norway-flag-beautiful-nature-norway-natural-lands-2021-08-26-23-00-53-utc-600x600.jpg 600w, https:\/\/cursoidiomas.es\/wp-content\/uploads\/2021\/11\/norway-flag-beautiful-nature-norway-natural-lands-2021-08-26-23-00-53-utc-100x100.jpg 100w, https:\/\/cursoidiomas.es\/wp-content\/uploads\/2021\/11\/norway-flag-beautiful-nature-norway-natural-lands-2021-08-26-23-00-53-utc-150x150.jpg 150w, https:\/\/cursoidiomas.es\/wp-content\/uploads\/2021\/11\/norway-flag-beautiful-nature-norway-natural-lands-2021-08-26-23-00-53-utc-300x300.jpg 300w\" sizes=\"(max-width: 600px) 100vw, 600px\" \/><\/div>\n\t\t\t\t\t<div class=\"wc-block-grid__product-title\">Noruego: Curso interactivo + Clases<\/div>\n\t\t\t\t<\/a>\n\t\t\t\t<div class=\"wc-block-grid__product-price price\"><span class=\"bundled_subscriptions_price_html\"><span class=\"bundled_sub_price_html\"><span class=\"woocommerce-Price-amount amount\"><span class=\"woocommerce-Price-currencySymbol\">&euro;<\/span>110.00<\/span> <span class=\"subscription-details\"> \/ month<\/span><\/span><\/span><\/div>\n\t\t\t\t\n\t\t\t\t<div class=\"wp-block-button wc-block-grid__product-add-to-cart\"><a href=\"\/es\/wp-json\/wp\/v2\/pages\/8181?add-to-cart=7974\" aria-label=\"Lee m\u00e1s sobre &ldquo;Noruego: Curso interactivo + Clases&rdquo;\" data-quantity=\"1\" data-product_id=\"7974\" data-product_sku=\"nor-int-clas\" data-price=\"0\" rel=\"nofollow\" class=\"wp-block-button__link  add_to_cart_button ajax_add_to_cart\">A\u00f1adir al carrito<\/a><\/div>\n\t\t\t<\/li><\/ul><\/div><\/div><\/div>\n<\/div><\/div><\/div>\n\n\n\n<div class=\"wp-block-qubely-row qubely-section qubely-block-974b90\"><div class=\"qubely-row-overlay\"><\/div><div class=\"qubely-container\"><div class=\"qubely-row \">\n<div class=\"wp-block-qubely-column qubely-column qubely-column-front qubely-block-f00307\"><div class=\"qubely-column-inner\">\n<div class=\"wp-block-qubely-divider aligncenter qubely-block-a0b1bf divider_full\"><div class=\"qubely-block-divider \"><div class=\"qubely-block-divider-style-fill\"><\/div><\/div><\/div>\n<\/div><\/div>\n<\/div><\/div><\/div>\n\n\n\n<div class=\"wp-block-qubely-row qubely-section qubely-block-b9dccb\"><div class=\"qubely-row-overlay\"><\/div><div class=\"qubely-container\"><div class=\"qubely-row \">\n<div class=\"wp-block-qubely-column qubely-column qubely-column-front qubely-block-dfae43\"><div class=\"qubely-column-inner\">\n<h3 class=\"wp-block-heading pre_heading has-medium-blue-color has-text-color\">Subscripciones individuales<\/h3>\n<\/div><\/div>\n<\/div><\/div><\/div>\n\n\n\n<div class=\"wp-block-qubely-row qubely-section qubely-block-2e4bf1\"><div class=\"qubely-row-overlay\"><\/div><div class=\"qubely-container\"><div class=\"qubely-row \">\n<div class=\"wp-block-qubely-column qubely-column qubely-column-front qubely-block-686951\"><div class=\"qubely-column-inner\">\n<h2 class=\"wp-block-heading has-text-align-left\">Cursos interactivos<\/h2>\n\n\n\n<p class=\"courses_text_block has-normal-plus-font-size\">Obtenga acceso a lecciones y tareas interactivas y estudie cuando y donde quiera. Las clases con profesor no est\u00e1n incluidas, pero se pueden agregar m\u00e1s adelante o compre un paquete de cursos.<\/p>\n\n\n\n<p class=\"has-normal-plus-font-size\"><strong>Cancelaci\u00f3n gratuita en cualquier momento.<\/strong><\/p>\n<\/div><\/div>\n<\/div><\/div><\/div>\n\n\n\t\t<div class=\"tutor-empty-state td-empty-state tutor-p-32 tutor-text-center\">\n\t\t\t<img decoding=\"async\" src=\"https:\/\/cursoidiomas.es\/wp-content\/plugins\/tutor\/assets\/images\/emptystate.svg\" alt=\"No hay datos disponibles en esta secci\u00f3n\" width=\"85%\" \/>\n\t\t\t<div class=\"tutor-fs-6 tutor-color-secondary tutor-text-center\">\n\t\t\tNo hay datos disponibles en esta secci\u00f3n\t\t\t<\/div>\n\t\t<\/div>\n\t\t\n\n\n\n<div class=\"wp-block-qubely-row qubely-section qubely-block-d06ed1\"><div class=\"qubely-row-overlay\"><\/div><div class=\"qubely-container\"><div class=\"qubely-row \">\n<div class=\"wp-block-qubely-column qubely-column qubely-column-front qubely-block-f09a79\"><div class=\"qubely-column-inner\">\n<div class=\"wp-block-qubely-divider qubely-block-2a26f4 divider_half\"><div class=\"qubely-block-divider \"><div class=\"qubely-block-divider-style-fill\"><\/div><\/div><\/div>\n<\/div><\/div>\n<\/div><\/div><\/div>\n\n\n\n<div class=\"wp-block-qubely-row qubely-section qubely-block-6f4643\"><div class=\"qubely-row-overlay\"><\/div><div class=\"qubely-container\"><div class=\"qubely-row \">\n<div class=\"wp-block-qubely-column qubely-column qubely-column-front qubely-block-39de04\"><div class=\"qubely-column-inner\">\n<h3 class=\"wp-block-heading pre_heading has-medium-blue-color has-text-color\">Complementos para Cursos interactivos<\/h3>\n<\/div><\/div>\n<\/div><\/div><\/div>\n\n\n\n<div class=\"wp-block-qubely-row qubely-section qubely-block-c61453\"><div class=\"qubely-row-overlay\"><\/div><div class=\"qubely-container\"><div class=\"qubely-row \">\n<div class=\"wp-block-qubely-column qubely-column qubely-column-front qubely-block-8f8a92\"><div class=\"qubely-column-inner\">\n<h2 class=\"wp-block-heading has-text-align-left\">Clases con profesor<\/h2>\n\n\n\n<p class=\"courses_text_block has-normal-plus-font-size\">Obtenga ense\u00f1anza personal con un profesor una vez por semana como suscripci\u00f3n, o compre un pase de una semana solamente. Este es un complemento, por lo que necesita una suscripci\u00f3n activa a un curso interactivo. Recuerda programar una hora con su profesor por adelantado.<\/p>\n\n\n\n<p class=\"has-normal-plus-font-size\"><strong>Cancelaci\u00f3n gratuita en cualquier momento.<\/strong><\/p>\n<\/div><\/div>\n<\/div><\/div><\/div>\n\n\n\t\t<div class=\"tutor-empty-state td-empty-state tutor-p-32 tutor-text-center\">\n\t\t\t<img decoding=\"async\" src=\"https:\/\/cursoidiomas.es\/wp-content\/plugins\/tutor\/assets\/images\/emptystate.svg\" alt=\"No hay datos disponibles en esta secci\u00f3n\" width=\"85%\" \/>\n\t\t\t<div class=\"tutor-fs-6 tutor-color-secondary tutor-text-center\">\n\t\t\tNo hay datos disponibles en esta secci\u00f3n\t\t\t<\/div>\n\t\t<\/div>\n\t\t\n","protected":false},"excerpt":{"rendered":"","protected":false},"author":4,"featured_media":0,"parent":0,"menu_order":0,"comment_status":"closed","ping_status":"closed","template":"","meta":{"_acf_changed":false,"_tutorstarter_page_metadata":[],"footnotes":""},"class_list":["post-8181","page","type-page","status-publish","hentry"],"acf":[],"_links":{"self":[{"href":"https:\/\/cursoidiomas.es\/es\/wp-json\/wp\/v2\/pages\/8181","targetHints":{"allow":["GET"]}}],"collection":[{"href":"https:\/\/cursoidiomas.es\/es\/wp-json\/wp\/v2\/pages"}],"about":[{"href":"https:\/\/cursoidiomas.es\/es\/wp-json\/wp\/v2\/types\/page"}],"author":[{"embeddable":true,"href":"https:\/\/cursoidiomas.es\/es\/wp-json\/wp\/v2\/users\/4"}],"replies":[{"embeddable":true,"href":"https:\/\/cursoidiomas.es\/es\/wp-json\/wp\/v2\/comments?post=8181"}],"version-history":[{"count":24,"href":"https:\/\/cursoidiomas.es\/es\/wp-json\/wp\/v2\/pages\/8181\/revisions"}],"predecessor-version":[{"id":11260,"href":"https:\/\/cursoidiomas.es\/es\/wp-json\/wp\/v2\/pages\/8181\/revisions\/11260"}],"wp:attachment":[{"href":"https:\/\/cursoidiomas.es\/es\/wp-json\/wp\/v2\/media?parent=8181"}],"curies":[{"name":"wp","href":"https:\/\/api.w.org\/{rel}","templated":true}]}}