{"id":7421,"date":"2022-03-01T14:23:35","date_gmt":"2022-03-01T14:23:35","guid":{"rendered":"https:\/\/cursoidiomas.es\/product\/norwegian-levels-1-3-2\/"},"modified":"2026-02-04T17:51:23","modified_gmt":"2026-02-04T16:51:23","slug":"noruego-interactivo","status":"publish","type":"product","link":"https:\/\/cursoidiomas.es\/es\/producto\/noruego-interactivo\/","title":{"rendered":"Noruego: Curso interactivo"},"content":{"rendered":"<p>Obtenga acceso a 100 lecciones y tareas interactivas y estudie cuando y donde quiera. Inscr\u00edbete ahora para comenzar a aprender noruego f\u00e1cilmente y a tu propio ritmo, desde la comodidad de tu hogar o donde sea que est\u00e9s.<\/p>\n<div id=\"6-material-includes\" class=\"wp-block-qubely-heading qubely-block-5b7a69\">\n<div class=\"qubely-block-heading \">\n<div class=\"qubely-heading-container\">\n<h5 class=\"qubely-heading-selector\">El curso incluye:<\/h5>\n<\/div>\n<\/div>\n<\/div>\n<div class=\"wp-block-qubely-row qubely-section qubely-block-062743\">\n<div class=\"qubely-container-fluid\">\n<div class=\"qubely-row \">\n<div class=\"wp-block-qubely-column qubely-column qubely-column-front qubely-block-26d810\">\n<div class=\"qubely-column-inner\">\n<div class=\"wp-block-qubely-advancedlist qubely-block-42574f\">\n<div class=\"qubely-block-advanced-list qubely-alignment-left\">\n<ul class=\"qubely-list qubely-list-type-unordered qubely-list-bullet-check\">\n<li>Lecciones interactivas<\/li>\n<li>Lecciones audiovisuales<\/li>\n<li>Tareas interactivas (con revisi\u00f3n)<\/li>\n<li>Ex\u00e1menes y certificados<\/li>\n<li>Sistema de mensajer\u00eda de preguntas y respuestas<\/li>\n<li>Traductor integrado<\/li>\n<\/ul>\n<h5>Aprender\u00e1s sobre:<\/h5>\n<ul>\n<li>El alfabeto<\/li>\n<li>Ortograf\u00eda y escritura<\/li>\n<li>Pronunciaci\u00f3n<\/li>\n<li>Lectura y comprensi\u00f3n<\/li>\n<li>Escuchar y conversarN\u00fameros<\/li>\n<li>La hora<\/li>\n<li>Gram\u00e1tica<\/li>\n<li>Pa\u00eds y cultura<\/li>\n<\/ul>\n<\/div>\n<\/div>\n<\/div>\n<\/div>\n<div class=\"wp-block-qubely-column qubely-column qubely-column-front qubely-block-c7c5d6\">\n<div class=\"qubely-column-inner\">\n<div class=\"wp-block-qubely-advancedlist qubely-block-0b86ad\">\n<div class=\"qubely-block-advanced-list qubely-alignment-left\"><\/div>\n<\/div>\n<\/div>\n<\/div>\n<\/div>\n<\/div>\n<\/div>\n","protected":false},"excerpt":{"rendered":"<p>Obtenga acceso a 100 lecciones y tareas interactivas y estudie cuando y donde quiera. Inscr\u00edbete ahora para comenzar a aprender noruego f\u00e1cilmente y a tu propio ritmo, desde la comodidad de tu hogar o donde sea que est\u00e9s.<\/p>\n","protected":false},"featured_media":7986,"comment_status":"closed","ping_status":"closed","template":"","meta":{"_acf_changed":false},"product_brand":[],"product_cat":[44],"product_tag":[],"class_list":{"0":"post-7421","1":"product","2":"type-product","3":"status-publish","4":"has-post-thumbnail","6":"product_cat-noruego","8":"first","9":"instock","10":"downloadable","11":"virtual","12":"sold-individually","13":"taxable","14":"purchasable","15":"product-type-subscription"},"bundled_by":["7974"],"bundle_stock_status":"instock","bundle_stock_quantity":null,"bundle_virtual":false,"bundle_layout":"","bundle_add_to_cart_form_location":"","bundle_editable_in_cart":false,"bundle_sold_individually_context":"","bundle_item_grouping":"","bundle_min_size":"","bundle_max_size":"","bundle_price":[],"bundled_items":[],"bundle_sell_ids":[],"acf":[],"_links":{"self":[{"href":"https:\/\/cursoidiomas.es\/es\/wp-json\/wp\/v2\/product\/7421","targetHints":{"allow":["GET"]}}],"collection":[{"href":"https:\/\/cursoidiomas.es\/es\/wp-json\/wp\/v2\/product"}],"about":[{"href":"https:\/\/cursoidiomas.es\/es\/wp-json\/wp\/v2\/types\/product"}],"replies":[{"embeddable":true,"href":"https:\/\/cursoidiomas.es\/es\/wp-json\/wp\/v2\/comments?post=7421"}],"wp:featuredmedia":[{"embeddable":true,"href":"https:\/\/cursoidiomas.es\/es\/wp-json\/wp\/v2\/media\/7986"}],"wp:attachment":[{"href":"https:\/\/cursoidiomas.es\/es\/wp-json\/wp\/v2\/media?parent=7421"}],"wp:term":[{"taxonomy":"product_brand","embeddable":true,"href":"https:\/\/cursoidiomas.es\/es\/wp-json\/wp\/v2\/product_brand?post=7421"},{"taxonomy":"product_cat","embeddable":true,"href":"https:\/\/cursoidiomas.es\/es\/wp-json\/wp\/v2\/product_cat?post=7421"},{"taxonomy":"product_tag","embeddable":true,"href":"https:\/\/cursoidiomas.es\/es\/wp-json\/wp\/v2\/product_tag?post=7421"}],"curies":[{"name":"wp","href":"https:\/\/api.w.org\/{rel}","templated":true}]}}