{"id":7974,"date":"2022-10-11T12:38:37","date_gmt":"2022-10-11T12:38:37","guid":{"rendered":"https:\/\/cursoidiomas.es\/?post_type=product&#038;p=7974"},"modified":"2026-02-04T17:50:05","modified_gmt":"2026-02-04T16:50:05","slug":"norsk-interactivo-clases","status":"publish","type":"product","link":"https:\/\/cursoidiomas.es\/es\/producto\/norsk-interactivo-clases\/","title":{"rendered":"Noruego: Curso interactivo + Clases"},"content":{"rendered":"<p>Obtenga acceso a aproximadamente 100 lecciones y tareas interactivas, y estudie cuando y donde quiera. Incluido, obtienes tutor\u00eda personal con un maestro una vez por semana para guiarte a trav\u00e9s del curso.<\/p>\n<p>Inscr\u00edbete ahora para comenzar a aprender noruego f\u00e1cilmente a tu propio ritmo, desde la comodidad de tu hogar o donde sea que est\u00e9s.<\/p>\n<p><strong>Los cursos incluyen:<\/strong><\/p>\n<ul>\n<li>Lecciones interactivas<\/li>\n<li>Lecciones audiovisuales<\/li>\n<li>Tareas interactivas<\/li>\n<li>Clases en l\u00ednea en vivo<\/li>\n<li>Tutor\u00eda individual con un profesor<\/li>\n<li>Ex\u00e1menes y certificados<\/li>\n<li>Sistema de mensajer\u00eda de preguntas y respuestas<\/li>\n<li>Traductor integrado<\/li>\n<\/ul>\n<p><strong>Aprender\u00e1s sobre:<\/strong><\/p>\n<ul>\n<li>El alfabeto<\/li>\n<li>Ortograf\u00eda y escritura<\/li>\n<li>Pronunciaci\u00f3n<\/li>\n<li>Lectura y comprensi\u00f3n<\/li>\n<li>Escuchar y conversar<\/li>\n<li>N\u00fameros<\/li>\n<li>La hora<\/li>\n<li>Gram\u00e1tica<\/li>\n<li>Pa\u00eds y cultura<\/li>\n<\/ul>\n","protected":false},"excerpt":{"rendered":"<p>Obtenga acceso a aproximadamente 100 lecciones y tareas interactivas, y estudie cuando y donde quiera. Incluido, obtienes tutor\u00eda personal con un maestro una vez por semana para guiarte a trav\u00e9s del curso.<\/p>\n<p><strong>Inscr\u00edbete ahora para comenzar a aprender noruego f\u00e1cilmente a tu propio ritmo, desde la comodidad de tu hogar o donde sea que est\u00e9s.<\/strong><\/p>\n","protected":false},"featured_media":1430,"comment_status":"closed","ping_status":"closed","template":"","meta":{"_acf_changed":false},"product_brand":[],"product_cat":[44],"product_tag":[],"class_list":{"0":"post-7974","1":"product","2":"type-product","3":"status-publish","4":"has-post-thumbnail","6":"product_cat-noruego","8":"first","9":"instock","10":"downloadable","11":"virtual","12":"sold-individually","13":"taxable","14":"purchasable","15":"product-type-bundle"},"bundled_by":[],"bundle_stock_status":"instock","bundle_stock_quantity":"","bundle_virtual":false,"bundle_layout":"default","bundle_add_to_cart_form_location":"default","bundle_editable_in_cart":false,"bundle_sold_individually_context":"product","bundle_item_grouping":"parent","bundle_min_size":"","bundle_max_size":"","bundle_price":{"price":{"min":{"incl_tax":"0","excl_tax":"0"},"max":{"incl_tax":"0","excl_tax":"0"}},"regular_price":{"min":{"incl_tax":"0","excl_tax":"0"},"max":{"incl_tax":"0","excl_tax":"0"}}},"bundled_items":[{"bundled_item_id":3,"product_id":7421,"menu_order":0,"quantity_min":1,"quantity_max":1,"quantity_default":1,"priced_individually":true,"shipped_individually":true,"override_title":false,"title":"Norsk: Curso interactivo","override_description":false,"description":"Norsk: Curso interactivo","optional":false,"hide_thumbnail":false,"discount":"","override_variations":false,"allowed_variations":[""],"override_default_variation_attributes":false,"default_variation_attributes":[],"single_product_visibility":"visible","cart_visibility":"visible","order_visibility":"visible","single_product_price_visibility":"visible","cart_price_visibility":"visible","order_price_visibility":"visible","stock_status":"in_stock"},{"bundled_item_id":12,"product_id":8021,"menu_order":1,"quantity_min":1,"quantity_max":1,"quantity_default":1,"priced_individually":true,"shipped_individually":true,"override_title":false,"title":"Norsk: Clases en directo (Complemento)","override_description":false,"description":"Norsk: Clases en directo (Complemento)","optional":false,"hide_thumbnail":false,"discount":"","override_variations":true,"allowed_variations":[8571],"override_default_variation_attributes":false,"default_variation_attributes":[],"single_product_visibility":"visible","cart_visibility":"visible","order_visibility":"visible","single_product_price_visibility":"visible","cart_price_visibility":"visible","order_price_visibility":"visible","stock_status":"in_stock"}],"bundle_sell_ids":[],"acf":[],"_links":{"self":[{"href":"https:\/\/cursoidiomas.es\/es\/wp-json\/wp\/v2\/product\/7974","targetHints":{"allow":["GET"]}}],"collection":[{"href":"https:\/\/cursoidiomas.es\/es\/wp-json\/wp\/v2\/product"}],"about":[{"href":"https:\/\/cursoidiomas.es\/es\/wp-json\/wp\/v2\/types\/product"}],"replies":[{"embeddable":true,"href":"https:\/\/cursoidiomas.es\/es\/wp-json\/wp\/v2\/comments?post=7974"}],"wp:featuredmedia":[{"embeddable":true,"href":"https:\/\/cursoidiomas.es\/es\/wp-json\/wp\/v2\/media\/1430"}],"wp:attachment":[{"href":"https:\/\/cursoidiomas.es\/es\/wp-json\/wp\/v2\/media?parent=7974"}],"wp:term":[{"taxonomy":"product_brand","embeddable":true,"href":"https:\/\/cursoidiomas.es\/es\/wp-json\/wp\/v2\/product_brand?post=7974"},{"taxonomy":"product_cat","embeddable":true,"href":"https:\/\/cursoidiomas.es\/es\/wp-json\/wp\/v2\/product_cat?post=7974"},{"taxonomy":"product_tag","embeddable":true,"href":"https:\/\/cursoidiomas.es\/es\/wp-json\/wp\/v2\/product_tag?post=7974"}],"curies":[{"name":"wp","href":"https:\/\/api.w.org\/{rel}","templated":true}]}}