{"id":8021,"date":"2022-10-04T13:22:24","date_gmt":"2022-10-04T13:22:24","guid":{"rendered":"https:\/\/cursoidiomas.es\/product\/noruego-clases-en-vivo-complemento\/"},"modified":"2026-02-04T17:50:47","modified_gmt":"2026-02-04T16:50:47","slug":"noruego-clases-en-vivo-complemento","status":"publish","type":"product","link":"https:\/\/cursoidiomas.es\/es\/producto\/noruego-clases-en-vivo-complemento\/","title":{"rendered":"Noruego: Clases en directo (Complemento)"},"content":{"rendered":"<h4>\n<\/h4>\r\n&#13;\n<p>\u00danete a clases en directo y recibe clases particulares con un profesor una vez a la semana (1 hora). Inscr\u00edbete ahora para empezar a aprender noruego desde la comodidad de tu casa o dondequiera que est\u00e9s.<\/p>&#13;\n<p><strong>Se trata de un complemento, por lo que necesitas una suscripci\u00f3n activa a un curso interactivo, o comprarlo como parte de un paquete.<\/strong><\/p>&#13;\n","protected":false},"excerpt":{"rendered":"<h4><!-- wp:paragraph --><\/h4>\n<p>\u00danete a clases en directo y recibe clases particulares con un profesor una vez a la semana. Inscr\u00edbete ahora para empezar a aprender noruego desde la comodidad de tu casa o dondequiera que est\u00e9s.<\/p>\n<p><strong>Nota: Se trata de un complemento, por lo que necesitas una suscripci\u00f3n activa a un curso interactivo, o comprarlo como parte de un paquete.<\/strong><\/p>\n<p><!-- \/wp:paragraph --><\/p>\n","protected":false},"featured_media":7997,"comment_status":"closed","ping_status":"closed","template":"","meta":{"_acf_changed":false},"product_brand":[],"product_cat":[44],"product_tag":[],"class_list":{"0":"post-8021","1":"product","2":"type-product","3":"status-publish","4":"has-post-thumbnail","6":"product_cat-noruego","8":"first","9":"instock","10":"sold-individually","11":"taxable","12":"shipping-taxable","13":"purchasable","14":"product-type-variable-subscription","15":"has-default-attributes"},"bundled_by":["7974"],"bundle_stock_status":"instock","bundle_stock_quantity":null,"bundle_virtual":false,"bundle_layout":"","bundle_add_to_cart_form_location":"","bundle_editable_in_cart":false,"bundle_sold_individually_context":"","bundle_item_grouping":"","bundle_min_size":"","bundle_max_size":"","bundle_price":[],"bundled_items":[],"bundle_sell_ids":[],"acf":[],"_links":{"self":[{"href":"https:\/\/cursoidiomas.es\/es\/wp-json\/wp\/v2\/product\/8021","targetHints":{"allow":["GET"]}}],"collection":[{"href":"https:\/\/cursoidiomas.es\/es\/wp-json\/wp\/v2\/product"}],"about":[{"href":"https:\/\/cursoidiomas.es\/es\/wp-json\/wp\/v2\/types\/product"}],"replies":[{"embeddable":true,"href":"https:\/\/cursoidiomas.es\/es\/wp-json\/wp\/v2\/comments?post=8021"}],"wp:featuredmedia":[{"embeddable":true,"href":"https:\/\/cursoidiomas.es\/es\/wp-json\/wp\/v2\/media\/7997"}],"wp:attachment":[{"href":"https:\/\/cursoidiomas.es\/es\/wp-json\/wp\/v2\/media?parent=8021"}],"wp:term":[{"taxonomy":"product_brand","embeddable":true,"href":"https:\/\/cursoidiomas.es\/es\/wp-json\/wp\/v2\/product_brand?post=8021"},{"taxonomy":"product_cat","embeddable":true,"href":"https:\/\/cursoidiomas.es\/es\/wp-json\/wp\/v2\/product_cat?post=8021"},{"taxonomy":"product_tag","embeddable":true,"href":"https:\/\/cursoidiomas.es\/es\/wp-json\/wp\/v2\/product_tag?post=8021"}],"curies":[{"name":"wp","href":"https:\/\/api.w.org\/{rel}","templated":true}]}}