{"id":11302,"date":"2024-09-06T00:37:20","date_gmt":"2024-09-05T22:37:20","guid":{"rendered":"https:\/\/cursoidiomas.es\/kurs\/"},"modified":"2026-02-04T18:08:11","modified_gmt":"2026-02-04T17:08:11","slug":"spansk-kurs","status":"publish","type":"page","link":"https:\/\/cursoidiomas.es\/no\/spansk-kurs\/","title":{"rendered":"Kurs"},"content":{"rendered":"\t\t<div data-elementor-type=\"wp-page\" data-elementor-id=\"11302\" class=\"elementor elementor-11302 elementor-11261\" data-elementor-post-type=\"page\">\n\t\t\t\t\t\t<section class=\"elementor-section elementor-top-section elementor-element elementor-element-2cb9ac2 elementor-section-boxed elementor-section-height-default elementor-section-height-default\" data-id=\"2cb9ac2\" data-element_type=\"section\" data-e-type=\"section\">\n\t\t\t\t\t\t<div class=\"elementor-container elementor-column-gap-default\">\n\t\t\t\t\t<div class=\"elementor-column elementor-col-100 elementor-top-column elementor-element elementor-element-db86fe9\" data-id=\"db86fe9\" data-element_type=\"column\" data-e-type=\"column\">\n\t\t\t<div class=\"elementor-widget-wrap elementor-element-populated\">\n\t\t\t\t\t\t<div class=\"elementor-element elementor-element-a3f3a22 elementor-widget__width-auto elementor-widget elementor-widget-heading\" data-id=\"a3f3a22\" data-element_type=\"widget\" data-e-type=\"widget\" data-widget_type=\"heading.default\">\n\t\t\t\t<div class=\"elementor-widget-container\">\n\t\t\t\t\t<h5 class=\"elementor-heading-title elementor-size-default\">Kurspakker<\/h5>\t\t\t\t<\/div>\n\t\t\t\t<\/div>\n\t\t\t\t\t<\/div>\n\t\t<\/div>\n\t\t\t\t\t<\/div>\n\t\t<\/section>\n\t\t\t\t<section class=\"elementor-section elementor-top-section elementor-element elementor-element-c9a65a5 elementor-section-boxed elementor-section-height-default elementor-section-height-default\" data-id=\"c9a65a5\" data-element_type=\"section\" data-e-type=\"section\">\n\t\t\t\t\t\t<div class=\"elementor-container elementor-column-gap-extended\">\n\t\t\t\t\t<div class=\"elementor-column elementor-col-50 elementor-top-column elementor-element elementor-element-440cab0\" data-id=\"440cab0\" data-element_type=\"column\" data-e-type=\"column\">\n\t\t\t<div class=\"elementor-widget-wrap elementor-element-populated\">\n\t\t\t\t\t\t<div class=\"elementor-element elementor-element-9b981a2 elementor-widget elementor-widget-heading\" data-id=\"9b981a2\" data-element_type=\"widget\" data-e-type=\"widget\" data-widget_type=\"heading.default\">\n\t\t\t\t<div class=\"elementor-widget-container\">\n\t\t\t\t\t<h4 class=\"elementor-heading-title elementor-size-default\">Spansk interaktiv + klasser<\/h4>\t\t\t\t<\/div>\n\t\t\t\t<\/div>\n\t\t\t\t<div class=\"elementor-element elementor-element-003c477 elementor-widget elementor-widget-text-editor\" data-id=\"003c477\" data-element_type=\"widget\" data-e-type=\"widget\" data-widget_type=\"text-editor.default\">\n\t\t\t\t<div class=\"elementor-widget-container\">\n\t\t\t\t\t\t\t\t\t<p><strong>F\u00e5 tilgang til interaktive leksjoner og oppgaver, og studer n\u00e5r og hvor du vil. <\/strong><strong>Inkludert f\u00e5r du personlig veiledning med en l\u00e6rer en gang i uken.<\/strong><\/p><p>Meld deg p\u00e5 n\u00e5 og l\u00e6r norsk enkelt og i ditt eget tempo &#8211; hjemmefra eller hvor enn du befinner deg.<\/p><p><strong>Ingen bindingstid.<\/strong><\/p>\t\t\t\t\t\t\t\t<\/div>\n\t\t\t\t<\/div>\n\t\t\t\t\t<\/div>\n\t\t<\/div>\n\t\t\t\t<div class=\"elementor-column elementor-col-50 elementor-top-column elementor-element elementor-element-6c62c49\" data-id=\"6c62c49\" data-element_type=\"column\" data-e-type=\"column\">\n\t\t\t<div class=\"elementor-widget-wrap elementor-element-populated\">\n\t\t\t\t\t\t<div class=\"elementor-element elementor-element-0816692 elementor-grid-2 elementor-grid-mobile-1 elementor-grid-tablet-3 elementor-products-grid elementor-wc-products elementor-widget elementor-widget-woocommerce-products\" data-id=\"0816692\" data-element_type=\"widget\" data-e-type=\"widget\" data-widget_type=\"woocommerce-products.default\">\n\t\t\t\t<div class=\"elementor-widget-container\">\n\t\t\t\t\t<div class=\"woocommerce columns-2 \"><ul class=\"products elementor-grid columns-2\">\n<li class=\"product type-product post-8023 status-publish first instock product_cat-norsk has-post-thumbnail downloadable virtual sold-individually taxable purchasable product-type-bundle\">\n\t<a href=\"https:\/\/cursoidiomas.es\/no\/produkt\/spansk-interaktivt-kurs-klasser\/\" class=\"woocommerce-LoopProduct-link woocommerce-loop-product__link\"><img fetchpriority=\"high\" decoding=\"async\" width=\"600\" height=\"600\" src=\"https:\/\/cursoidiomas.es\/wp-content\/uploads\/2022\/10\/big-spanish-flag-palm-trees-sun-and-blue-sky-2021-10-21-02-29-42-utc-600x600.jpg\" class=\"attachment-woocommerce_thumbnail size-woocommerce_thumbnail\" alt=\"Spansk: Interaktivt kurs + Klasser\" srcset=\"https:\/\/cursoidiomas.es\/wp-content\/uploads\/2022\/10\/big-spanish-flag-palm-trees-sun-and-blue-sky-2021-10-21-02-29-42-utc-600x600.jpg 600w, https:\/\/cursoidiomas.es\/wp-content\/uploads\/2022\/10\/big-spanish-flag-palm-trees-sun-and-blue-sky-2021-10-21-02-29-42-utc-100x100.jpg 100w, https:\/\/cursoidiomas.es\/wp-content\/uploads\/2022\/10\/big-spanish-flag-palm-trees-sun-and-blue-sky-2021-10-21-02-29-42-utc-150x150.jpg 150w\" sizes=\"(max-width: 600px) 100vw, 600px\" \/><h2 class=\"woocommerce-loop-product__title\">Spansk: Interaktivt kurs + Klasser<\/h2>\n\t<span class=\"price\"><span class=\"bundled_subscriptions_price_html\"><span class=\"bundled_sub_price_html\"><span class=\"woocommerce-Price-amount amount\"><bdi><span class=\"woocommerce-Price-currencySymbol\">&euro;<\/span>110.00<\/bdi><\/span> <span class=\"subscription-details\"> \/ month<\/span><\/span><\/span><\/span>\n<\/a><a href=\"\/no\/wp-json\/wp\/v2\/pages\/11302?add-to-cart=8023\" aria-describedby=\"woocommerce_loop_add_to_cart_link_describedby_8023\" data-quantity=\"1\" class=\"button product_type_bundle add_to_cart_button ajax_add_to_cart\" data-product_id=\"8023\" data-product_sku=\"esp-int-clas\" aria-label=\"Les mer om \u00abSpansk: Interaktivt kurs + Klasser\u00bb\" rel=\"nofollow\" role=\"button\">Legg i handlekurv<\/a>\t<span id=\"woocommerce_loop_add_to_cart_link_describedby_8023\" class=\"screen-reader-text\">\n\t\t\t<\/span>\n<\/li>\n<\/ul>\n<\/div>\t\t\t\t<\/div>\n\t\t\t\t<\/div>\n\t\t\t\t\t<\/div>\n\t\t<\/div>\n\t\t\t\t\t<\/div>\n\t\t<\/section>\n\t\t\t\t<section class=\"elementor-section elementor-top-section elementor-element elementor-element-cbfd79b elementor-section-boxed elementor-section-height-default elementor-section-height-default\" data-id=\"cbfd79b\" data-element_type=\"section\" data-e-type=\"section\">\n\t\t\t\t\t\t<div class=\"elementor-container elementor-column-gap-default\">\n\t\t\t\t\t<div class=\"elementor-column elementor-col-100 elementor-top-column elementor-element elementor-element-218034c\" data-id=\"218034c\" data-element_type=\"column\" data-e-type=\"column\">\n\t\t\t<div class=\"elementor-widget-wrap elementor-element-populated\">\n\t\t\t\t\t\t<div class=\"elementor-element elementor-element-8b0634c elementor-widget-divider--view-line elementor-widget elementor-widget-divider\" data-id=\"8b0634c\" data-element_type=\"widget\" data-e-type=\"widget\" data-widget_type=\"divider.default\">\n\t\t\t\t<div class=\"elementor-widget-container\">\n\t\t\t\t\t\t\t<div class=\"elementor-divider\">\n\t\t\t<span class=\"elementor-divider-separator\">\n\t\t\t\t\t\t<\/span>\n\t\t<\/div>\n\t\t\t\t\t\t<\/div>\n\t\t\t\t<\/div>\n\t\t\t\t\t<\/div>\n\t\t<\/div>\n\t\t\t\t\t<\/div>\n\t\t<\/section>\n\t\t\t\t<section class=\"elementor-section elementor-top-section elementor-element elementor-element-2dd0877 elementor-section-boxed elementor-section-height-default elementor-section-height-default\" data-id=\"2dd0877\" data-element_type=\"section\" data-e-type=\"section\">\n\t\t\t\t\t\t<div class=\"elementor-container elementor-column-gap-default\">\n\t\t\t\t\t<div class=\"elementor-column elementor-col-100 elementor-top-column elementor-element elementor-element-f84a12b\" data-id=\"f84a12b\" data-element_type=\"column\" data-e-type=\"column\">\n\t\t\t<div class=\"elementor-widget-wrap elementor-element-populated\">\n\t\t\t\t\t\t<div class=\"elementor-element elementor-element-32d8c1c elementor-widget__width-auto elementor-widget elementor-widget-heading\" data-id=\"32d8c1c\" data-element_type=\"widget\" data-e-type=\"widget\" data-widget_type=\"heading.default\">\n\t\t\t\t<div class=\"elementor-widget-container\">\n\t\t\t\t\t<h5 class=\"elementor-heading-title elementor-size-default\">Individuelle abonnementer<\/h5>\t\t\t\t<\/div>\n\t\t\t\t<\/div>\n\t\t\t\t\t<\/div>\n\t\t<\/div>\n\t\t\t\t\t<\/div>\n\t\t<\/section>\n\t\t\t\t<section class=\"elementor-section elementor-top-section elementor-element elementor-element-c1d435b elementor-section-boxed elementor-section-height-default elementor-section-height-default\" data-id=\"c1d435b\" data-element_type=\"section\" data-e-type=\"section\">\n\t\t\t\t\t\t<div class=\"elementor-container elementor-column-gap-default\">\n\t\t\t\t\t<div class=\"elementor-column elementor-col-100 elementor-top-column elementor-element elementor-element-9d6d82e\" data-id=\"9d6d82e\" data-element_type=\"column\" data-e-type=\"column\">\n\t\t\t<div class=\"elementor-widget-wrap elementor-element-populated\">\n\t\t\t\t\t\t<div class=\"elementor-element elementor-element-c3a168c elementor-widget elementor-widget-heading\" data-id=\"c3a168c\" data-element_type=\"widget\" data-e-type=\"widget\" data-widget_type=\"heading.default\">\n\t\t\t\t<div class=\"elementor-widget-container\">\n\t\t\t\t\t<h4 class=\"elementor-heading-title elementor-size-default\">Interaktive kurs<\/h4>\t\t\t\t<\/div>\n\t\t\t\t<\/div>\n\t\t\t\t<div class=\"elementor-element elementor-element-1371fec elementor-widget__width-initial elementor-widget elementor-widget-text-editor\" data-id=\"1371fec\" data-element_type=\"widget\" data-e-type=\"widget\" data-widget_type=\"text-editor.default\">\n\t\t\t\t<div class=\"elementor-widget-container\">\n\t\t\t\t\t\t\t\t\t<p><strong>F\u00e5 tilgang til interaktive leksjoner og oppgaver, og studer n\u00e5r og hvor du vil.<\/strong><\/p><p>Liveundervisning med l\u00e6rer er ikke inkludert, men kan legges til senere, eller du kan kj\u00f8pe en kurspakke.<\/p><p><strong>Ingen bindingstid.<\/strong><\/p>\t\t\t\t\t\t\t\t<\/div>\n\t\t\t\t<\/div>\n\t\t\t\t\t<\/div>\n\t\t<\/div>\n\t\t\t\t\t<\/div>\n\t\t<\/section>\n\t\t\t\t<section class=\"elementor-section elementor-top-section elementor-element elementor-element-8ee1805 elementor-section-boxed elementor-section-height-default elementor-section-height-default\" data-id=\"8ee1805\" data-element_type=\"section\" data-e-type=\"section\">\n\t\t\t\t\t\t<div class=\"elementor-container elementor-column-gap-default\">\n\t\t\t\t\t<div class=\"elementor-column elementor-col-100 elementor-top-column elementor-element elementor-element-ee281ce\" data-id=\"ee281ce\" data-element_type=\"column\" data-e-type=\"column\">\n\t\t\t<div class=\"elementor-widget-wrap elementor-element-populated\">\n\t\t\t\t\t\t<div class=\"elementor-element elementor-element-f183c9f elementor-grid-3 elementor-grid-mobile-1 elementor-grid-tablet-3 elementor-products-grid elementor-wc-products elementor-widget elementor-widget-woocommerce-products\" data-id=\"f183c9f\" data-element_type=\"widget\" data-e-type=\"widget\" data-widget_type=\"woocommerce-products.default\">\n\t\t\t\t<div class=\"elementor-widget-container\">\n\t\t\t\t\t<div class=\"woocommerce columns-3 \"><ul class=\"products elementor-grid columns-3\">\n<li class=\"product type-product post-7420 status-publish first instock product_cat-spansk has-post-thumbnail downloadable virtual sold-individually taxable purchasable product-type-subscription\">\n\t<a href=\"https:\/\/cursoidiomas.es\/no\/produkt\/spanish-interaktiv\/\" class=\"woocommerce-LoopProduct-link woocommerce-loop-product__link\"><img decoding=\"async\" width=\"600\" height=\"600\" src=\"https:\/\/cursoidiomas.es\/wp-content\/uploads\/2022\/03\/spanish_course_interactive-600x600.png\" class=\"attachment-woocommerce_thumbnail size-woocommerce_thumbnail\" alt=\"Spansk: Interaktivt kurs\" srcset=\"https:\/\/cursoidiomas.es\/wp-content\/uploads\/2022\/03\/spanish_course_interactive-600x599.png 600w, https:\/\/cursoidiomas.es\/wp-content\/uploads\/2022\/03\/spanish_course_interactive-100x100.png 100w, https:\/\/cursoidiomas.es\/wp-content\/uploads\/2022\/03\/spanish_course_interactive-300x300.png 300w, https:\/\/cursoidiomas.es\/wp-content\/uploads\/2022\/03\/spanish_course_interactive-150x150.png 150w, https:\/\/cursoidiomas.es\/wp-content\/uploads\/2022\/03\/spanish_course_interactive-768x767.png 768w, https:\/\/cursoidiomas.es\/wp-content\/uploads\/2022\/03\/spanish_course_interactive-50x50.png 50w, https:\/\/cursoidiomas.es\/wp-content\/uploads\/2022\/03\/spanish_course_interactive.png 1001w\" sizes=\"(max-width: 600px) 100vw, 600px\" \/><h2 class=\"woocommerce-loop-product__title\">Spansk: Interaktivt kurs<\/h2>\n\t<span class=\"price\"><span class=\"woocommerce-Price-amount amount\"><bdi><span class=\"woocommerce-Price-currencySymbol\">&euro;<\/span>40.00<\/bdi><\/span> <span class=\"subscription-details\"> \/ month<\/span><\/span>\n<\/a><a href=\"\/no\/wp-json\/wp\/v2\/pages\/11302?add-to-cart=7420\" aria-describedby=\"woocommerce_loop_add_to_cart_link_describedby_7420\" data-quantity=\"1\" class=\"button product_type_subscription add_to_cart_button ajax_add_to_cart\" data-product_id=\"7420\" data-product_sku=\"esp-int\" aria-label=\"Meld deg p\u00e5: &ldquo;Spansk: Interaktivt kurs&rdquo;\" rel=\"nofollow\" data-success_message=\"\u00abSpansk: Interaktivt kurs\u00bb ble lagt til i handlekurven\" role=\"button\">Meld deg p\u00e5<\/a>\t<span id=\"woocommerce_loop_add_to_cart_link_describedby_7420\" class=\"screen-reader-text\">\n\t\t\t<\/span>\n<\/li>\n<\/ul>\n<\/div>\t\t\t\t<\/div>\n\t\t\t\t<\/div>\n\t\t\t\t\t<\/div>\n\t\t<\/div>\n\t\t\t\t\t<\/div>\n\t\t<\/section>\n\t\t\t\t<section class=\"elementor-section elementor-top-section elementor-element elementor-element-7793960 elementor-section-boxed elementor-section-height-default elementor-section-height-default\" data-id=\"7793960\" data-element_type=\"section\" data-e-type=\"section\">\n\t\t\t\t\t\t<div class=\"elementor-container elementor-column-gap-default\">\n\t\t\t\t\t<div class=\"elementor-column elementor-col-100 elementor-top-column elementor-element elementor-element-889244a\" data-id=\"889244a\" data-element_type=\"column\" data-e-type=\"column\">\n\t\t\t<div class=\"elementor-widget-wrap elementor-element-populated\">\n\t\t\t\t\t\t<div class=\"elementor-element elementor-element-a0f18eb elementor-widget-divider--view-line elementor-widget elementor-widget-divider\" data-id=\"a0f18eb\" data-element_type=\"widget\" data-e-type=\"widget\" data-widget_type=\"divider.default\">\n\t\t\t\t<div class=\"elementor-widget-container\">\n\t\t\t\t\t\t\t<div class=\"elementor-divider\">\n\t\t\t<span class=\"elementor-divider-separator\">\n\t\t\t\t\t\t<\/span>\n\t\t<\/div>\n\t\t\t\t\t\t<\/div>\n\t\t\t\t<\/div>\n\t\t\t\t\t<\/div>\n\t\t<\/div>\n\t\t\t\t\t<\/div>\n\t\t<\/section>\n\t\t\t\t<section class=\"elementor-section elementor-top-section elementor-element elementor-element-2b4c95e elementor-section-boxed elementor-section-height-default elementor-section-height-default\" data-id=\"2b4c95e\" data-element_type=\"section\" data-e-type=\"section\">\n\t\t\t\t\t\t<div class=\"elementor-container elementor-column-gap-default\">\n\t\t\t\t\t<div class=\"elementor-column elementor-col-100 elementor-top-column elementor-element elementor-element-ea6620f\" data-id=\"ea6620f\" data-element_type=\"column\" data-e-type=\"column\">\n\t\t\t<div class=\"elementor-widget-wrap elementor-element-populated\">\n\t\t\t\t\t\t<div class=\"elementor-element elementor-element-869fc88 elementor-widget__width-auto elementor-widget elementor-widget-heading\" data-id=\"869fc88\" data-element_type=\"widget\" data-e-type=\"widget\" data-widget_type=\"heading.default\">\n\t\t\t\t<div class=\"elementor-widget-container\">\n\t\t\t\t\t<h5 class=\"elementor-heading-title elementor-size-default\">Tillegg for interaktive kurs<\/h5>\t\t\t\t<\/div>\n\t\t\t\t<\/div>\n\t\t\t\t\t<\/div>\n\t\t<\/div>\n\t\t\t\t\t<\/div>\n\t\t<\/section>\n\t\t\t\t<section class=\"elementor-section elementor-top-section elementor-element elementor-element-a0f09bb elementor-section-boxed elementor-section-height-default elementor-section-height-default\" data-id=\"a0f09bb\" data-element_type=\"section\" data-e-type=\"section\">\n\t\t\t\t\t\t<div class=\"elementor-container elementor-column-gap-default\">\n\t\t\t\t\t<div class=\"elementor-column elementor-col-100 elementor-top-column elementor-element elementor-element-d2d294f\" data-id=\"d2d294f\" data-element_type=\"column\" data-e-type=\"column\">\n\t\t\t<div class=\"elementor-widget-wrap elementor-element-populated\">\n\t\t\t\t\t\t<div class=\"elementor-element elementor-element-29916cb elementor-widget elementor-widget-heading\" data-id=\"29916cb\" data-element_type=\"widget\" data-e-type=\"widget\" data-widget_type=\"heading.default\">\n\t\t\t\t<div class=\"elementor-widget-container\">\n\t\t\t\t\t<h4 class=\"elementor-heading-title elementor-size-default\">Klasser med l\u00e6rer<\/h4>\t\t\t\t<\/div>\n\t\t\t\t<\/div>\n\t\t\t\t<div class=\"elementor-element elementor-element-b76cda9 elementor-widget__width-initial elementor-widget elementor-widget-text-editor\" data-id=\"b76cda9\" data-element_type=\"widget\" data-e-type=\"widget\" data-widget_type=\"text-editor.default\">\n\t\t\t\t<div class=\"elementor-widget-container\">\n\t\t\t\t\t\t\t\t\t<p><strong>F\u00e5 personlig veiledning med en l\u00e6rer en gang i uken som et abonnement eller kj\u00f8p kun et ukespass.<\/strong><\/p><p>Dette er et tillegg, s\u00e5 du m\u00e5 ha et aktivt abonnement p\u00e5 et interaktivt kurs.<br \/>Husk \u00e5 avtale tid med l\u00e6reren din p\u00e5 forh\u00e5nd.<\/p><p><strong>Ingen bindingstid.<\/strong><\/p>\t\t\t\t\t\t\t\t<\/div>\n\t\t\t\t<\/div>\n\t\t\t\t\t<\/div>\n\t\t<\/div>\n\t\t\t\t\t<\/div>\n\t\t<\/section>\n\t\t\t\t<section class=\"elementor-section elementor-top-section elementor-element elementor-element-143cbb2 elementor-section-boxed elementor-section-height-default elementor-section-height-default\" data-id=\"143cbb2\" data-element_type=\"section\" data-e-type=\"section\">\n\t\t\t\t\t\t<div class=\"elementor-container elementor-column-gap-default\">\n\t\t\t\t\t<div class=\"elementor-column elementor-col-100 elementor-top-column elementor-element elementor-element-0a5f2db\" data-id=\"0a5f2db\" data-element_type=\"column\" data-e-type=\"column\">\n\t\t\t<div class=\"elementor-widget-wrap elementor-element-populated\">\n\t\t\t\t\t\t<div class=\"elementor-element elementor-element-5e4bd6f elementor-grid-3 elementor-grid-mobile-1 elementor-grid-tablet-3 elementor-products-grid elementor-wc-products elementor-widget elementor-widget-woocommerce-products\" data-id=\"5e4bd6f\" data-element_type=\"widget\" data-e-type=\"widget\" data-widget_type=\"woocommerce-products.default\">\n\t\t\t\t<div class=\"elementor-widget-container\">\n\t\t\t\t\t<div class=\"woocommerce columns-3 \"><ul class=\"products elementor-grid columns-3\">\n<li class=\"product type-product post-8022 status-publish first instock product_cat-norsk has-post-thumbnail sold-individually taxable shipping-taxable purchasable product-type-variable-subscription has-default-attributes\">\n\t<a href=\"https:\/\/cursoidiomas.es\/no\/produkt\/spansk-live-klasser\/\" class=\"woocommerce-LoopProduct-link woocommerce-loop-product__link\"><img decoding=\"async\" width=\"600\" height=\"600\" src=\"https:\/\/cursoidiomas.es\/wp-content\/uploads\/2022\/10\/spanish_course-1-600x600.png\" class=\"attachment-woocommerce_thumbnail size-woocommerce_thumbnail\" alt=\"Spansk: Klasser\" srcset=\"https:\/\/cursoidiomas.es\/wp-content\/uploads\/2022\/10\/spanish_course-1-600x600.png 600w, https:\/\/cursoidiomas.es\/wp-content\/uploads\/2022\/10\/spanish_course-1-100x100.png 100w, https:\/\/cursoidiomas.es\/wp-content\/uploads\/2022\/10\/spanish_course-1-150x150.png 150w\" sizes=\"(max-width: 600px) 100vw, 600px\" \/><h2 class=\"woocommerce-loop-product__title\">Spansk: Klasser<\/h2>\n\t<span class=\"price\"><span class=\"from\">Fra: <\/span><span class=\"woocommerce-Price-amount amount\"><bdi><span class=\"woocommerce-Price-currencySymbol\">&euro;<\/span>25.00<\/bdi><\/span> <span class=\"subscription-details\"> for 1 week<\/span><\/span>\n<\/a><a href=\"https:\/\/cursoidiomas.es\/no\/produkt\/spansk-live-klasser\/\" aria-describedby=\"woocommerce_loop_add_to_cart_link_describedby_8022\" data-quantity=\"1\" class=\"button product_type_variable-subscription add_to_cart_button\" data-product_id=\"8022\" data-product_sku=\"esp-clas\" aria-label=\"Velg innstillinger for \u00abSpansk: Klasser\u00bb\" rel=\"nofollow\">Velg alternativ<\/a>\t<span id=\"woocommerce_loop_add_to_cart_link_describedby_8022\" class=\"screen-reader-text\">\n\t\tDette produktet har flere varianter. Alternativene kan velges p\u00e5 produktsiden\t<\/span>\n<\/li>\n<\/ul>\n<\/div>\t\t\t\t<\/div>\n\t\t\t\t<\/div>\n\t\t\t\t\t<\/div>\n\t\t<\/div>\n\t\t\t\t\t<\/div>\n\t\t<\/section>\n\t\t\t\t<\/div>\n\t\t","protected":false},"excerpt":{"rendered":"<p>Kurspakker Spansk interaktiv + klasser F\u00e5 tilgang til interaktive leksjoner og oppgaver, og studer n\u00e5r og hvor du<\/p>\n","protected":false},"author":4,"featured_media":0,"parent":0,"menu_order":0,"comment_status":"closed","ping_status":"closed","template":"","meta":{"_acf_changed":false,"_tutorstarter_page_metadata":[],"footnotes":""},"class_list":["post-11302","page","type-page","status-publish","hentry"],"acf":[],"_links":{"self":[{"href":"https:\/\/cursoidiomas.es\/no\/wp-json\/wp\/v2\/pages\/11302","targetHints":{"allow":["GET"]}}],"collection":[{"href":"https:\/\/cursoidiomas.es\/no\/wp-json\/wp\/v2\/pages"}],"about":[{"href":"https:\/\/cursoidiomas.es\/no\/wp-json\/wp\/v2\/types\/page"}],"author":[{"embeddable":true,"href":"https:\/\/cursoidiomas.es\/no\/wp-json\/wp\/v2\/users\/4"}],"replies":[{"embeddable":true,"href":"https:\/\/cursoidiomas.es\/no\/wp-json\/wp\/v2\/comments?post=11302"}],"version-history":[{"count":16,"href":"https:\/\/cursoidiomas.es\/no\/wp-json\/wp\/v2\/pages\/11302\/revisions"}],"predecessor-version":[{"id":11749,"href":"https:\/\/cursoidiomas.es\/no\/wp-json\/wp\/v2\/pages\/11302\/revisions\/11749"}],"wp:attachment":[{"href":"https:\/\/cursoidiomas.es\/no\/wp-json\/wp\/v2\/media?parent=11302"}],"curies":[{"name":"wp","href":"https:\/\/api.w.org\/{rel}","templated":true}]}}