{"id":6814,"date":"2022-05-25T10:25:17","date_gmt":"2022-05-25T10:25:17","guid":{"rendered":"https:\/\/cursoidiomas.es\/?page_id=6814"},"modified":"2024-01-15T15:25:48","modified_gmt":"2024-01-15T14:25:48","slug":"faq","status":"publish","type":"page","link":"https:\/\/cursoidiomas.es\/no\/faq\/","title":{"rendered":"Ofte stilte spr\u00f8sm\u00e5l"},"content":{"rendered":"<h2 class=\"has-text-align-center wp-block-post-title\">Ofte stilte spr\u00f8sm\u00e5l<\/h2>\n\n\n<div class=\"wp-block-qubely-row qubely-section qubely-block-cd3a55\"><div class=\"qubely-row-overlay\"><\/div><div class=\"qubely-container\"><div class=\"qubely-row \">\n<div class=\"wp-block-qubely-column qubely-column qubely-column-front qubely-block-d47db3\"><div class=\"qubely-column-inner\">\n<div class=\"qubely-block-accordion  qubely-block-1aefa4\" data-item-toggle=\"true\">\n<div class=\"wp-block-qubely-accordion-item qubely-block-49b349\"><div class=\"qubely-accordion-item qubely-type-fill qubely-accordion-active\"><div class=\"qubely-accordion-panel qubely-icon-position-right\"><span class=\"qubely-accordion-panel-handler\" role=\"button\"><span class=\"qubely-accordion-panel-handler-label\">Hva er Cursoidiomas?<\/span><span class=\"qubely-accordion-icon fa fa-plus\"><\/span><\/span><\/div><div class=\"qubely-accordion-body\" style=\"display:block\"><div itemprop=\"text\">\n<p>Cursoidiomas er en nettbasert l\u00e6ringsplattform som tilbyr spr\u00e5kkurs. Kursene best\u00e5r av interaktive leksjoner p\u00e5 stedet, oppgaver og eksamener i tillegg til live klasser og individuell veiledning med l\u00e6rer.<\/p>\n<\/div><\/div><\/div><\/div>\n\n\n\n<div class=\"wp-block-qubely-accordion-item qubely-block-d7cade\"><div class=\"qubely-accordion-item qubely-type-fill false\"><div class=\"qubely-accordion-panel qubely-icon-position-right\"><span class=\"qubely-accordion-panel-handler\" role=\"button\"><span class=\"qubely-accordion-panel-handler-label\">Hvilke spr\u00e5k tilbys?<\/span><span class=\"qubely-accordion-icon fa fa-plus\"><\/span><\/span><\/div><div class=\"qubely-accordion-body\"><div itemprop=\"text\">\n<p>For \u00f8yeblikket tilbyr vi spanske og norske spr\u00e5kkurs som best\u00e5r av tre niv\u00e5er.<\/p>\n<\/div><\/div><\/div><\/div>\n\n\n\n<div class=\"wp-block-qubely-accordion-item qubely-block-68b3a8\"><div class=\"qubely-accordion-item qubely-type-fill false\"><div class=\"qubely-accordion-panel qubely-icon-position-right\"><span class=\"qubely-accordion-panel-handler\" role=\"button\"><span class=\"qubely-accordion-panel-handler-label\">Hvor mye koster kursene?<\/span><span class=\"qubely-accordion-icon fa fa-plus\"><\/span><\/span><\/div><div class=\"qubely-accordion-body\"><div itemprop=\"text\">\n<p>Du kan velge mellom et interaktivt kurs for kun \u20ac 30 \/ m\u00e5ned, eller et komplett kurs som inkluderer live klasser med en l\u00e6rer for ytterligere \u20ac 65 \/ m\u00e5ned. Det er ingen bindingstid, og du kan si opp n\u00e5r du vill etter den f\u00f8rste m\u00e5neden.<\/p>\n<\/div><\/div><\/div><\/div>\n\n\n\n<div class=\"wp-block-qubely-accordion-item qubely-block-0d5cbd\"><div class=\"qubely-accordion-item qubely-type-fill false\"><div class=\"qubely-accordion-panel qubely-icon-position-right\"><span class=\"qubely-accordion-panel-handler\" role=\"button\"><span class=\"qubely-accordion-panel-handler-label\">Hvor lang er kursperioden?<\/span><span class=\"qubely-accordion-icon fa fa-plus\"><\/span><\/span><\/div><div class=\"qubely-accordion-body\"><div itemprop=\"text\">\n<p>Kursene tar omtrent tre m\u00e5neder eller mer \u00e5 gjennomf\u00f8re, avhengig av din egen fremgang. Uansett st\u00e5r du alltid fritt til \u00e5 ta den tiden du trenger og som passer deg.<\/p>\n<\/div><\/div><\/div><\/div>\n\n\n\n<div class=\"wp-block-qubely-accordion-item qubely-block-d00598\"><div class=\"qubely-accordion-item qubely-type-fill false\"><div class=\"qubely-accordion-panel qubely-icon-position-right\"><span class=\"qubely-accordion-panel-handler\" role=\"button\"><span class=\"qubely-accordion-panel-handler-label\">Kan jeg g\u00e5 direkte til et h\u00f8yere kursniv\u00e5?<\/span><span class=\"qubely-accordion-icon fa fa-plus\"><\/span><\/span><\/div><div class=\"qubely-accordion-body\"><div itemprop=\"text\">\n<p>Normalt starter du p\u00e5 et nybegynnerniv\u00e5 og g\u00e5r deretter videre til neste etter at kurset er fullf\u00f8rt og du har best\u00e5tt en deleksamen. Du kan imidlertid hoppe direkte til et h\u00f8yere niv\u00e5 hvis du klarer en opptakspr\u00f8ve. Vennligst ta kontakt for mer informasjon.<\/p>\n<\/div><\/div><\/div><\/div>\n\n\n\n<div class=\"wp-block-qubely-accordion-item qubely-block-e04830\"><div class=\"qubely-accordion-item qubely-type-fill false\"><div class=\"qubely-accordion-panel qubely-icon-position-right\"><span class=\"qubely-accordion-panel-handler\" role=\"button\"><span class=\"qubely-accordion-panel-handler-label\">Kan jeg kommunisere direkte med en l\u00e6rer?<\/span><span class=\"qubely-accordion-icon fa fa-plus\"><\/span><\/span><\/div><div class=\"qubely-accordion-body\"><div itemprop=\"text\">\n<p>Ja, hver elev kan kontakte l\u00e6reren gjennom det integrerte Q&amp;A-meldingssystemet og motta svar direkte. Du kan ogs\u00e5 stille sp\u00f8rsm\u00e5l direkte til l\u00e6rer under de individuelle timene p\u00e5 Zoom.<\/p>\n<\/div><\/div><\/div><\/div>\n\n\n\n<div class=\"wp-block-qubely-accordion-item qubely-block-f50e42\"><div class=\"qubely-accordion-item qubely-type-fill false\"><div class=\"qubely-accordion-panel qubely-icon-position-right\"><span class=\"qubely-accordion-panel-handler\" role=\"button\"><span class=\"qubely-accordion-panel-handler-label\">Hvordan kan jeg oversette ord eller setninger?<\/span><span class=\"qubely-accordion-icon fa fa-plus\"><\/span><\/span><\/div><div class=\"qubely-accordion-body\"><div itemprop=\"text\">\n<p>Kursene har en integrert oversetter i leksjoner og quiz som er tilgjengelig ved \u00e5 klikke p\u00e5 den bl\u00e5 knappen p\u00e5 h\u00f8yre side av skjermen.<\/p>\n<\/div><\/div><\/div><\/div>\n\n\n\n<div class=\"wp-block-qubely-accordion-item qubely-block-1ab646\"><div class=\"qubely-accordion-item qubely-type-fill false\"><div class=\"qubely-accordion-panel qubely-icon-position-right\"><span class=\"qubely-accordion-panel-handler\" role=\"button\"><span class=\"qubely-accordion-panel-handler-label\">Hvordan fungerer timene med l\u00e6rer p\u00e5 nett?<\/span><span class=\"qubely-accordion-icon fa fa-plus\"><\/span><\/span><\/div><div class=\"qubely-accordion-body\"><div itemprop=\"text\">\n<p>Live-leksjonene er oppf\u00f8rt i hvert kurskapittel. Her finner du n\u00f8yaktige tidspunktet for timen. For \u00e5 bli med klikker du bare p\u00e5 <strong>Join In<\/strong>&nbsp;<strong>Browser<\/strong> eller <strong>Join In Zoom App<\/strong>. Du kan installere Zoom-klientappen <a href=\"https:\/\/us05web.zoom.us\/download#client_4meeting\" target=\"_blank\" rel=\"noopener\">her<\/a>.<\/p>\n<\/div><\/div><\/div><\/div>\n<\/div>\n<\/div><\/div>\n<\/div><\/div><\/div>\n","protected":false},"excerpt":{"rendered":"","protected":false},"author":1,"featured_media":0,"parent":0,"menu_order":0,"comment_status":"closed","ping_status":"closed","template":"","meta":{"_acf_changed":false,"_tutorstarter_page_metadata":[],"footnotes":""},"class_list":["post-6814","page","type-page","status-publish","hentry"],"acf":[],"_links":{"self":[{"href":"https:\/\/cursoidiomas.es\/no\/wp-json\/wp\/v2\/pages\/6814","targetHints":{"allow":["GET"]}}],"collection":[{"href":"https:\/\/cursoidiomas.es\/no\/wp-json\/wp\/v2\/pages"}],"about":[{"href":"https:\/\/cursoidiomas.es\/no\/wp-json\/wp\/v2\/types\/page"}],"author":[{"embeddable":true,"href":"https:\/\/cursoidiomas.es\/no\/wp-json\/wp\/v2\/users\/1"}],"replies":[{"embeddable":true,"href":"https:\/\/cursoidiomas.es\/no\/wp-json\/wp\/v2\/comments?post=6814"}],"version-history":[{"count":13,"href":"https:\/\/cursoidiomas.es\/no\/wp-json\/wp\/v2\/pages\/6814\/revisions"}],"predecessor-version":[{"id":11091,"href":"https:\/\/cursoidiomas.es\/no\/wp-json\/wp\/v2\/pages\/6814\/revisions\/11091"}],"wp:attachment":[{"href":"https:\/\/cursoidiomas.es\/no\/wp-json\/wp\/v2\/media?parent=6814"}],"curies":[{"name":"wp","href":"https:\/\/api.w.org\/{rel}","templated":true}]}}