{"id":6833,"date":"2022-01-24T12:00:30","date_gmt":"2022-01-24T12:00:30","guid":{"rendered":"https:\/\/cursoidiomas.es\/privacy-statement-eu\/"},"modified":"2022-05-25T11:02:23","modified_gmt":"2022-05-25T11:02:23","slug":"privacy-statement-eu","status":"publish","type":"page","link":"https:\/\/cursoidiomas.es\/no\/privacy-statement-eu\/","title":{"rendered":"Personvern (EU)"},"content":{"rendered":"\n<!-- Legal document generated by Complianz | GDPR\/CCPA Cookie Consent https:\/\/wordpress.org\/plugins\/complianz-gdpr -->\n<div id=\"cmplz-document\" class=\"cmplz-document privacy-statement cmplz-document-eu\"><p><i>Denne personvernerkl\u00e6ringen ble sist oppdatert 19. oktober 2022 og gjelder statsborgere og lovlige fastboende i Det europeiske \u00f8konomiske samarbeidsomr\u00e5det og Sveits.<\/i><br \/><br \/><\/p><p><p>I denne personvernerkl\u00e6ringen forklarer vi hva vi gj\u00f8r med opplysningene vi innhenter om deg via <a href=\"https:\/\/cursoidiomas.es\/no\/\">https:\/\/cursoidiomas.es\/no\/<\/a>. Vi anbefaler deg \u00e5 lese denne erkl\u00e6ringen n\u00f8ye. I v\u00e5r behandling overholder vi kravene i personvernlovgivningen. Det betyr blant annet at:<\/p><ul>\n                <li>vi oppgir tydelig om hvilke form\u00e5l vi behandler personopplysninger for. Vi gj\u00f8r dette ved hjelp av denne personvernerkl\u00e6ringen;<\/li>\n                <li>vi tar sikte p\u00e5 \u00e5 begrense v\u00e5r innsamling av personopplysninger til bare de personopplysningene som er n\u00f8dvendige for legitime form\u00e5l;<\/li>\n                <li>vi ber f\u00f8rst om ditt eksplisitte samtykke til \u00e5 behandle dine personopplysninger i tilfeller som krever ditt samtykke;<\/li>\n                <li>vi tar n\u00f8dvendige sikkerhetstiltak for \u00e5 beskytte dine personopplysninger og krever ogs\u00e5 dette fra parter som behandler personopplysninger p\u00e5 v\u00e5re vegne;<\/li>\n                <li>vi respekterer din rett til \u00e5 f\u00e5 tilgang til dine personopplysningene eller f\u00e5 opplysningene korrigert eller slettet, p\u00e5 foresp\u00f8rsel.<\/li>\n            <\/ul><p>Hvis du har sp\u00f8rsm\u00e5l, eller \u00f8nsker \u00e5 vite n\u00f8yaktig hvilke data vi oppbevarer om deg, kan du kontakte oss.<\/p><\/p><h2>1. Form\u00e5l, data og oppbevaringsperiode<\/h2>Vi samler eller mottar personlig informasjon av ulike \u00e5rsaker knyttet til tjenestene v\u00e5re. Dette kan inkludere f\u00f8lgende: (klikk for \u00e5 utvide)<details class=\"cmplz-dropdown dropdown-privacy-statement\"><summary><div><h3>1.1 Kontakt &#8211; via telefon, e-post, og\/eller nett-skjema<\/h3><\/div><\/summary><p class=\"cmplz-subtitle\">For dette form\u00e5let bruker vi f\u00f8lgende data:<\/p><p><ul><li>Et fornavn og etternavn<\/li><li>En hjemmeadresse eller annen fysisk adresse, inkludert navn p\u00e5 gate og navn p\u00e5 by eller sted<\/li><li>En e-post adresse<\/li><li>Kontonavn eller alias<\/li><li>Et telefonnummer<\/li><\/ul><\/p><p class=\"cmplz-subtitle\">Grunnlaget for at vi kan behandle disse dataene er:<\/p><p><a target=\"_blank\" rel=\"noopener noreferrer nofollow\" href=\"https:\/\/cookiedatabase.org\/legal-bases\/#consent\">Etter samtykke.<\/a><\/p><p class=\"cmplz-subtitle\">Oppbevaringsperiode<\/p><p>Vi bestemmer oppbevaringsperioden i henhold til faste objektive kriterier: Until the user requests that the data be deleted.<\/p><\/details><details class=\"cmplz-dropdown dropdown-privacy-statement\"><summary><div><h3>1.2 Betalinger<\/h3><\/div><\/summary><p class=\"cmplz-subtitle\">For dette form\u00e5let bruker vi f\u00f8lgende data:<\/p><p><ul><li>Et fornavn og etternavn<\/li><li>En hjemmeadresse eller annen fysisk adresse, inkludert navn p\u00e5 gate og navn p\u00e5 by eller sted<\/li><li>En e-post adresse<\/li><li>Kontonavn eller alias<\/li><li>Et telefonnummer<\/li><\/ul><\/p><p class=\"cmplz-subtitle\">Grunnlaget for at vi kan behandle disse dataene er:<\/p><p><a target=\"_blank\" rel=\"noopener noreferrer nofollow\" href=\"https:\/\/cookiedatabase.org\/legal-bases\/#consent\">Etter samtykke.<\/a><\/p><p class=\"cmplz-subtitle\">Oppbevaringsperiode<\/p><p>Vi bestemmer oppbevaringsperioden i henhold til faste objektive kriterier: Until the user requests that the data be deleted.<\/p><\/details><details class=\"cmplz-dropdown dropdown-privacy-statement\"><summary><div><h3>1.3 Registrering av konto<\/h3><\/div><\/summary><p class=\"cmplz-subtitle\">For dette form\u00e5let bruker vi f\u00f8lgende data:<\/p><p><ul><li>Et fornavn og etternavn<\/li><li>En hjemmeadresse eller annen fysisk adresse, inkludert navn p\u00e5 gate og navn p\u00e5 by eller sted<\/li><li>En e-post adresse<\/li><li>Kontonavn eller alias<\/li><li>Et telefonnummer<\/li><\/ul><\/p><p class=\"cmplz-subtitle\">Grunnlaget for at vi kan behandle disse dataene er:<\/p><p><a target=\"_blank\" rel=\"noopener noreferrer nofollow\" href=\"https:\/\/cookiedatabase.org\/legal-bases\/#consent\">Etter samtykke.<\/a><\/p><p class=\"cmplz-subtitle\">Oppbevaringsperiode<\/p><p>Vi bestemmer oppbevaringsperioden i henhold til faste objektive kriterier: Until the user requests that the data be deleted.<\/p><\/details><details class=\"cmplz-dropdown dropdown-privacy-statement\"><summary><div><h3>1.4 For \u00e5 st\u00f8tte tjenester eller produkter som en kunde \u00f8nsker \u00e5 kj\u00f8pe eller har kj\u00f8pt<\/h3><\/div><\/summary><p class=\"cmplz-subtitle\">For dette form\u00e5let bruker vi f\u00f8lgende data:<\/p><p><ul><li>Et fornavn og etternavn<\/li><li>En hjemmeadresse eller annen fysisk adresse, inkludert navn p\u00e5 gate og navn p\u00e5 by eller sted<\/li><li>En e-post adresse<\/li><li>Kontonavn eller alias<\/li><li>Et telefonnummer<\/li><\/ul><\/p><p class=\"cmplz-subtitle\">Grunnlaget for at vi kan behandle disse dataene er:<\/p><p><a target=\"_blank\" rel=\"noopener noreferrer nofollow\" href=\"https:\/\/cookiedatabase.org\/legal-bases\/#consent\">Etter samtykke.<\/a><\/p><p class=\"cmplz-subtitle\">Oppbevaringsperiode<\/p><p>Vi bestemmer oppbevaringsperioden i henhold til faste objektive kriterier: Until the user requests that the data be deleted.<\/p><\/details><details class=\"cmplz-dropdown dropdown-privacy-statement\"><summary><div><h3>1.5 For \u00e5 kunne tilby tilpassede produkter og tjenester<\/h3><\/div><\/summary><p class=\"cmplz-subtitle\">For dette form\u00e5let bruker vi f\u00f8lgende data:<\/p><p><ul><li>Et fornavn og etternavn<\/li><li>En hjemmeadresse eller annen fysisk adresse, inkludert navn p\u00e5 gate og navn p\u00e5 by eller sted<\/li><li>En e-post adresse<\/li><li>Kontonavn eller alias<\/li><li>Et telefonnummer<\/li><\/ul><\/p><p class=\"cmplz-subtitle\">Grunnlaget for at vi kan behandle disse dataene er:<\/p><p><a target=\"_blank\" rel=\"noopener noreferrer nofollow\" href=\"https:\/\/cookiedatabase.org\/legal-bases\/#consent\">Etter samtykke.<\/a><\/p><p class=\"cmplz-subtitle\">Oppbevaringsperiode<\/p><p>Vi bestemmer oppbevaringsperioden i henhold til faste objektive kriterier: Until the user requests that the data be deleted.<\/p><\/details><h2>2. Cookies<\/h2><p>Nettstedet v\u00e5rt bruker cookies. For mer informasjon om cookies, se v\u00e5r <a href=\"https:\/\/cursoidiomas.es\/cookie-policy-eu\/\">Cookieerkl\u00e6ring<\/a>.&nbsp;<\/p><h2>3. Formidlingspraksis<\/h2><p><p>Vi utleverer personopplysninger hvis vi er p\u00e5lagt det ved lov eller ved rettskjennelse, som svar til et rettsh\u00e5ndhevende organ, i den grad det er tillatt i henhold til andre lovbestemmelser, for \u00e5 gi informasjon, eller for en etterforskning av en sak knyttet til offentlig sikkerhet.<\/p><p>Hvis nettstedet eller organisasjonen v\u00e5r blir overdratt, solgt eller fusjonert, kan opplysningene dine bli utlevert til v\u00e5re r\u00e5dgivere og eventuelle potensielle kj\u00f8pere og vil bli gitt videre til de nye eierne.<\/p><\/p><h2>4. Sikkerhet<\/h2><p>Vi er forpliktet til \u00e5 ivareta sikkerheten for personopplysninger. Vi gj\u00f8r n\u00f8dvendige sikkerhetstiltak for \u00e5 begrense misbruk av og uautorisert tilgang til personopplysninger. Dette sikrer at kun de n\u00f8dvendige personene har tilgang til dine data, at tilgangen til dataene er beskyttet, og at v\u00e5re sikkerhetstiltak regelmessig blir gjennomg\u00e5tt.<\/p><h2>5. Tredjeparts nettsteder<\/h2><p>Denne personvernerkl\u00e6ringen gjelder ikke for tredjeparts-nettsteder som kobles til via lenker p\u00e5 nettstedet v\u00e5rt. Vi kan ikke garantere at disse tredjepartene behandler dine personopplysninger p\u00e5 en p\u00e5litelig eller sikker m\u00e5te. Vi anbefaler at du leser personvernerkl\u00e6ringene til disse nettstedene f\u00f8r du bruker disse nettstedene.<\/p><h2>6. Endringer i denne personvernerkl\u00e6ringen<\/h2><p>Vi forbeholder oss retten til \u00e5 gj\u00f8re endringer i denne personvernerkl\u00e6ringen. Det anbefales at du konsulterer denne personvernerkl\u00e6ringen regelmessig for \u00e5 v\u00e6re oppmerksom p\u00e5 eventuelle endringer. I tillegg vil vi aktivt informere deg der det er mulig.<\/p><h2>7. F\u00e5 tilgang til og endre dataene dine<\/h2><p>Hvis du har sp\u00f8rsm\u00e5l eller \u00f8nsker \u00e5 vite hvilke personopplysninger vi har om deg, kan du kontakte oss. Du kan kontakte oss ved \u00e5 bruke informasjonen nedenfor. Du har f\u00f8lgende rettigheter:<\/p><ul>\n                <li>Du har krav p\u00e5 \u00e5 f\u00e5 vite hvorfor dine personopplysninger trengs, hva som vil skje med dem, og hvor lenge de vil bli oppbevart.<\/li>\n                <li>Rett til innsyn: Du har rett til innsyn i dine personopplysninger som er kjent for oss.<\/li>\n                <li>Rett til retting: Du har rett til \u00e5 tilf\u00f8ye, korrigere, og \u00e5 ha dine personlige data slettet eller blokkert n\u00e5r du m\u00e5tte \u00f8nske det..<\/li>\n                <li>Hvis du gir oss ditt samtykke til \u00e5 behandle dataene dine, har du rett til \u00e5 tilbakekalle det samtykket og \u00e5 f\u00e5 dine personlige data slettet.<\/li>\n                <li>Rett til \u00e5 overf\u00f8re dine data: du har rett til \u00e5 be om alle dine personopplysninger fra behandlingsansvarlig og overf\u00f8re dem i sin helhet til en annen behandlingsansvarlig.<\/li>\n                <li>Rett til \u00e5 nekte: Du kan nekte at dine data blir behandlet. Vi etterkommer dette med mindre det er berettige grunner for behandling.<\/li>\n            <\/ul><p>Vennligst s\u00f8rg for \u00e5 alltid oppgi tydelig hvem du er, slik at vi kan v\u00e6re sikre p\u00e5 at vi ikke modifiserer eller sletter data fra feil person.<\/p><h2>8. Innsending av klage<\/h2><p>Hvis du ikke er forn\u00f8yd med m\u00e5ten vi h\u00e5ndterer (en klage p\u00e5) behandlingen av dine personopplysninger, har du rett til \u00e5 sende inn en klage til Datatilsynet.<\/p><h2>9. Kontaktdetaljer<\/h2><p>Marianne Hoelstad<br \/>\n        MAYLAN, LA NUCIA (ALICANTE)<br \/>\r\n<br \/>\n        Spania<br \/>\n        Nettsted: <a href=\"https:\/\/cursoidiomas.es\/no\/\">https:\/\/cursoidiomas.es\/no\/<\/a> <br \/>\n        E-post: <span class=\"cmplz-obfuscate\">ma&#114;&#105;&#117;s&#097;n&#100;&#101;&#114;&#115;&#101;&#110;@<span class=\"cmplz-fmail-domain\">&#101;&#120;&#046;&#099;&#111;&#109;<\/span>me.co&#109;<\/span> <br \/>\n        Telefonnummer: 681655715<\/p><h2>Vedlegg<\/h2><p><h3>WPML<\/h3>\r\nWPML uses cookies to identify the visitor\u2019s current language, the last visited language and the language of users who have logged in.\r\n\r\nWhile you use the plugin, WPML will share data regarding the site through Installer. No data from the user itself will be shared.\r\n<h3>Paid Memberships Pro<\/h3>\r\n<h2>Data Collected to Manage Your Membership<\/h2>\r\nAt checkout, we will collect your name, email address, username, and password. This information is used to setup your account for our site. If you are redirected to an offsite payment gateway to complete your payment, we may store this information in a temporary session variable to setup your account when you return to our site.\r\n\r\nAt checkout, we may also collect your billing address and phone number. This information is used to confirm your credit card. The billing address and phone number are saved by our site to prepopulate the checkout form for future purchases and so we can get in touch with you if needed to discuss your order.\r\n\r\nAt checkout, we may also collect your credit card number, expiration date, and security code. This information is passed to our payment gateway to process your purchase. The last 4 digits of your credit card number and the expiration date are saved by our site to use for reference and to send you an email if your credit card will expire before the next recurring payment.\r\n\r\nWhen logged in, we use cookies to track some of your activity on our site including logins, visits, and page views.\r\n<h3>Stripe<\/h3>\r\nBy using this extension, you may be storing personal data or sharing data with an external service. <a href=\"https:\/\/woocommerce.com\/document\/privacy-payments\/#section-3\" target=\"_blank\" rel=\"noopener\">Learn more about how this works, including what you may want to include in your privacy policy.<\/a>\r\n<h3>Complianz | The Privacy Suite for WordPress<\/h3>\r\nThis website uses the Privacy Suite for WordPress from Complianz to collect records of consent.\u00a0For this functionality your IP address is anonymized and stored in our database.\u00a0For more information, see the Complianz <a href=\"https:\/\/complianz.io\/privacy-statement\/\" target=\"_blank\" rel=\"noopener\">Privacy Statement<\/a>.<\/p><\/div>","protected":false},"excerpt":{"rendered":"","protected":false},"author":1,"featured_media":0,"parent":0,"menu_order":0,"comment_status":"closed","ping_status":"closed","template":"","meta":{"_acf_changed":false,"_tutorstarter_page_metadata":[],"footnotes":""},"class_list":["post-6833","page","type-page","status-publish","hentry"],"acf":[],"_links":{"self":[{"href":"https:\/\/cursoidiomas.es\/no\/wp-json\/wp\/v2\/pages\/6833","targetHints":{"allow":["GET"]}}],"collection":[{"href":"https:\/\/cursoidiomas.es\/no\/wp-json\/wp\/v2\/pages"}],"about":[{"href":"https:\/\/cursoidiomas.es\/no\/wp-json\/wp\/v2\/types\/page"}],"author":[{"embeddable":true,"href":"https:\/\/cursoidiomas.es\/no\/wp-json\/wp\/v2\/users\/1"}],"replies":[{"embeddable":true,"href":"https:\/\/cursoidiomas.es\/no\/wp-json\/wp\/v2\/comments?post=6833"}],"version-history":[{"count":1,"href":"https:\/\/cursoidiomas.es\/no\/wp-json\/wp\/v2\/pages\/6833\/revisions"}],"predecessor-version":[{"id":6834,"href":"https:\/\/cursoidiomas.es\/no\/wp-json\/wp\/v2\/pages\/6833\/revisions\/6834"}],"wp:attachment":[{"href":"https:\/\/cursoidiomas.es\/no\/wp-json\/wp\/v2\/media?parent=6833"}],"curies":[{"name":"wp","href":"https:\/\/api.w.org\/{rel}","templated":true}]}}