{"id":6836,"date":"2022-01-24T12:00:31","date_gmt":"2022-01-24T12:00:31","guid":{"rendered":"https:\/\/cursoidiomas.es\/disclaimer\/"},"modified":"2022-05-25T11:03:53","modified_gmt":"2022-05-25T11:03:53","slug":"disclaimer","status":"publish","type":"page","link":"https:\/\/cursoidiomas.es\/no\/disclaimer\/","title":{"rendered":"Ansvarsfraskrivelse"},"content":{"rendered":"\n<!-- Legal document generated by Complianz | GDPR\/CCPA Cookie Consent https:\/\/wordpress.org\/plugins\/complianz-gdpr -->\n<div id=\"cmplz-document\" class=\"cmplz-document disclaimer cmplz-document-all\"><p>Marianne Hoelstad er forpliktet til \u00e5 holde dette nettstedet oppdatert og med korrekt informasjon. Skulle du likevel oppleve noe som ikke er korrekt eller utdatert, vil vi bli takknemlige dersom du varsler oss om dette. Vennligt oppgi hvor p\u00e5 nettstedet du fant dette. Vi vil da tak tak i dette snarest. Vennligst send din respons via e-post til: <span class=\"cmplz-obfuscate\">mari&#117;s&#097;&#110;de&#114;&#115;&#101;n@<span class=\"cmplz-fmail-domain\">&#101;x&#046;&#099;&#111;m<\/span>me.c&#111;&#109;<\/span>.<\/p><p>Bruk av dette nettstedet og alle komponentene (inkludert fora) er gjenstand for f\u00f8lgende <a href=\"https:\/\/cursoidiomas.es\/terms-conditions\/\" target=\"_blank\">betingelser for bruk<\/a>. Selv beskjeden bruk av nettstedet inneb\u00e6rer at du har kunnskap om og aksepterer disse betingelsene.<\/p><p>Svar og personvernhenvendelser som sendes via e-post eller ved bruk av et nettskjema vil bli behandlet p\u00e5 samme m\u00e5te som brev. Dette betyr at du kan forvente svar fra oss senest innen 1 m\u00e5ned. Ved komplekse foresp\u00f8rsler vil vi gi deg beskjed innen 1 m\u00e5ned dersom vi trenger maksimalt 3 m\u00e5neder.<\/p><p>Eventuelle personlige data som du gir oss i sammenheng med din tilbakemelding eller foresp\u00f8rsel vil kun bli brukt i henhold til v\u00e5r personvernerkl\u00e6ring.<\/p><p>Alle immaterielle rettigheter til innhold p\u00e5 dette nettstedet er innhentet Marianne Hoelstad.<\/p><p>Kopiering, spredning eller en hvilken som helst annen bruk av materiale er ikke tillatt uten skriftlig tillatelse fra Marianne Hoelstad, unntatt, og bare i det omfang som ellers er fastsatt ved bestemmelser i lov og forskrifter (slik som retten til \u00e5 sitere), med mindre det aktuelle innholdet har bestemmelser om noe annet.<\/p><p>Dersom du har sp\u00f8rsm\u00e5l eller problemer med tilgjengeligheten p\u00e5 dette nettstedet, vennligst kontakt oss.<\/p><\/div>","protected":false},"excerpt":{"rendered":"","protected":false},"author":1,"featured_media":0,"parent":0,"menu_order":0,"comment_status":"closed","ping_status":"closed","template":"","meta":{"_acf_changed":false,"_tutorstarter_page_metadata":[],"footnotes":""},"class_list":["post-6836","page","type-page","status-publish","hentry"],"acf":[],"_links":{"self":[{"href":"https:\/\/cursoidiomas.es\/no\/wp-json\/wp\/v2\/pages\/6836","targetHints":{"allow":["GET"]}}],"collection":[{"href":"https:\/\/cursoidiomas.es\/no\/wp-json\/wp\/v2\/pages"}],"about":[{"href":"https:\/\/cursoidiomas.es\/no\/wp-json\/wp\/v2\/types\/page"}],"author":[{"embeddable":true,"href":"https:\/\/cursoidiomas.es\/no\/wp-json\/wp\/v2\/users\/1"}],"replies":[{"embeddable":true,"href":"https:\/\/cursoidiomas.es\/no\/wp-json\/wp\/v2\/comments?post=6836"}],"version-history":[{"count":1,"href":"https:\/\/cursoidiomas.es\/no\/wp-json\/wp\/v2\/pages\/6836\/revisions"}],"predecessor-version":[{"id":6837,"href":"https:\/\/cursoidiomas.es\/no\/wp-json\/wp\/v2\/pages\/6836\/revisions\/6837"}],"wp:attachment":[{"href":"https:\/\/cursoidiomas.es\/no\/wp-json\/wp\/v2\/media?parent=6836"}],"curies":[{"name":"wp","href":"https:\/\/api.w.org\/{rel}","templated":true}]}}