{"id":7420,"date":"2022-05-23T12:13:38","date_gmt":"2022-05-23T12:13:38","guid":{"rendered":"https:\/\/cursoidiomas.es\/product\/spanish-level-1\/"},"modified":"2026-02-04T17:50:59","modified_gmt":"2026-02-04T16:50:59","slug":"spanish-interaktiv","status":"publish","type":"product","link":"https:\/\/cursoidiomas.es\/no\/produkt\/spanish-interaktiv\/","title":{"rendered":"Spansk: Interaktivt kurs"},"content":{"rendered":"<p>F\u00e5 tilgang til 100 interaktive leksjoner og oppgaver og studer n\u00e5r og hvor du vil. Registrer deg n\u00e5 for \u00e5 begynne \u00e5 l\u00e6re norsk enkelt og i ditt eget tempo \u2013 fra hjemmet ditt eller hvor du enn er.<\/p>\n<div id=\"6-material-includes\" class=\"wp-block-qubely-heading qubely-block-5b7a69\">\n<div class=\"qubely-block-heading \">\n<div class=\"qubely-heading-container\">\n<h5 class=\"qubely-heading-selector\">Kurset inkluderer:<\/h5>\n<\/div>\n<\/div>\n<\/div>\n<div class=\"wp-block-qubely-row qubely-section qubely-block-062743\">\n<div class=\"qubely-container-fluid\">\n<div class=\"qubely-row \">\n<div class=\"wp-block-qubely-column qubely-column qubely-column-front qubely-block-26d810\">\n<div class=\"qubely-column-inner\">\n<div class=\"wp-block-qubely-advancedlist qubely-block-42574f\">\n<div class=\"qubely-block-advanced-list qubely-alignment-left\">\n<ul class=\"qubely-list qubely-list-type-unordered qubely-list-bullet-check\">\n<li>Kursene inkluderer:<\/li>\n<li>Interaktive leksjoner<\/li>\n<li>Audiovisuelle leksjoner<\/li>\n<li>Interaktive oppgaver<\/li>\n<li>Eksamener og attester<\/li>\n<li>Sp\u00f8rsm\u00e5l og svar meldingssystem<\/li>\n<li>Integrert oversetter<\/li>\n<\/ul>\n<h5>Du vil l\u00e6re om:<\/h5>\n<ul>\n<li>Alfabetet<\/li>\n<li>Staving og skriving<\/li>\n<li>Uttale<\/li>\n<li>Lesing og forst\u00e5else<\/li>\n<li>Lytting og samtale<\/li>\n<li>Tall<\/li>\n<li>Klokka<\/li>\n<li>Grammatikk<\/li>\n<li>Land og kultur<\/li>\n<\/ul>\n<\/div>\n<\/div>\n<\/div>\n<\/div>\n<div class=\"wp-block-qubely-column qubely-column qubely-column-front qubely-block-c7c5d6\">\n<div class=\"qubely-column-inner\">\n<div class=\"wp-block-qubely-advancedlist qubely-block-0b86ad\">\n<div class=\"qubely-block-advanced-list qubely-alignment-left\"><\/div>\n<\/div>\n<\/div>\n<\/div>\n<\/div>\n<\/div>\n<\/div>\n","protected":false},"excerpt":{"rendered":"<p>F\u00e5 tilgang til 100 interaktive leksjoner og oppgaver og studer n\u00e5r og hvor du vil. Registrer deg n\u00e5 for \u00e5 begynne \u00e5 l\u00e6re norsk enkelt og i ditt eget tempo \u2013 fra hjemmet ditt eller hvor du enn er.<\/p>\n","protected":false},"featured_media":7988,"comment_status":"closed","ping_status":"closed","template":"","meta":{"_acf_changed":false},"product_brand":[],"product_cat":[56],"product_tag":[],"class_list":{"0":"post-7420","1":"product","2":"type-product","3":"status-publish","4":"has-post-thumbnail","6":"product_cat-spansk","8":"first","9":"instock","10":"downloadable","11":"virtual","12":"sold-individually","13":"taxable","14":"purchasable","15":"product-type-subscription"},"bundled_by":["8023"],"bundle_stock_status":"instock","bundle_stock_quantity":null,"bundle_virtual":false,"bundle_layout":"","bundle_add_to_cart_form_location":"","bundle_editable_in_cart":false,"bundle_sold_individually_context":"","bundle_item_grouping":"","bundle_min_size":"","bundle_max_size":"","bundle_price":[],"bundled_items":[],"bundle_sell_ids":[],"acf":[],"_links":{"self":[{"href":"https:\/\/cursoidiomas.es\/no\/wp-json\/wp\/v2\/product\/7420","targetHints":{"allow":["GET"]}}],"collection":[{"href":"https:\/\/cursoidiomas.es\/no\/wp-json\/wp\/v2\/product"}],"about":[{"href":"https:\/\/cursoidiomas.es\/no\/wp-json\/wp\/v2\/types\/product"}],"replies":[{"embeddable":true,"href":"https:\/\/cursoidiomas.es\/no\/wp-json\/wp\/v2\/comments?post=7420"}],"wp:featuredmedia":[{"embeddable":true,"href":"https:\/\/cursoidiomas.es\/no\/wp-json\/wp\/v2\/media\/7988"}],"wp:attachment":[{"href":"https:\/\/cursoidiomas.es\/no\/wp-json\/wp\/v2\/media?parent=7420"}],"wp:term":[{"taxonomy":"product_brand","embeddable":true,"href":"https:\/\/cursoidiomas.es\/no\/wp-json\/wp\/v2\/product_brand?post=7420"},{"taxonomy":"product_cat","embeddable":true,"href":"https:\/\/cursoidiomas.es\/no\/wp-json\/wp\/v2\/product_cat?post=7420"},{"taxonomy":"product_tag","embeddable":true,"href":"https:\/\/cursoidiomas.es\/no\/wp-json\/wp\/v2\/product_tag?post=7420"}],"curies":[{"name":"wp","href":"https:\/\/api.w.org\/{rel}","templated":true}]}}