{"id":8022,"date":"2022-10-11T15:57:38","date_gmt":"2022-10-11T13:57:38","guid":{"rendered":"https:\/\/cursoidiomas.es\/product\/spansk-live-klasser\/"},"modified":"2026-02-04T17:49:05","modified_gmt":"2026-02-04T16:49:05","slug":"spansk-live-klasser","status":"publish","type":"product","link":"https:\/\/cursoidiomas.es\/no\/produkt\/spansk-live-klasser\/","title":{"rendered":"Spansk: Klasser"},"content":{"rendered":"<h4>\n<\/h4>\r\n&#13;\n<p>Bli med p\u00e5 liveundervisning og f\u00e5 personlig veiledning med en l\u00e6rer en gang i uken (1 time). Meld deg p\u00e5 n\u00e5 for \u00e5 begynne \u00e5 l\u00e6re spansk hjemmefra eller hvor enn du befinner deg. Bare avtal et tidspunkt med l\u00e6reren din som passer for deg.<\/p>&#13;\n<p><strong>Dette er et tillegg, s\u00e5 du m\u00e5 ha et aktivt abonnement p\u00e5 et interaktivt kurs, eller kj\u00f8pe det som en del av en pakke.<\/strong><\/p>&#13;\n","protected":false},"excerpt":{"rendered":"<h4><!-- wp:paragraph --><\/h4>\n<p>Bli med p\u00e5 live-klasser og f\u00e5 personlig veiledning med en l\u00e6rer en gang i uken (1 time). Meld deg p\u00e5 n\u00e5 for \u00e5 begynne \u00e5 l\u00e6re spansk hjemmefra eller hvor enn du er. Bare planlegg en tid med l\u00e6reren som passer deg.  <\/p>\n<p><strong>Merk: Dette er et tillegg, s\u00e5 du m\u00e5 ha et aktivt abonnement p\u00e5 et interaktivt kurs, eller kj\u00f8pe det som en del av en pakke.<\/strong><\/p>\n<p><!-- \/wp:paragraph --><\/p>\n","protected":false},"featured_media":7927,"comment_status":"closed","ping_status":"closed","template":"","meta":{"_acf_changed":false},"product_brand":[],"product_cat":[55],"product_tag":[],"class_list":{"0":"post-8022","1":"product","2":"type-product","3":"status-publish","4":"has-post-thumbnail","6":"product_cat-norsk","8":"first","9":"instock","10":"sold-individually","11":"taxable","12":"shipping-taxable","13":"purchasable","14":"product-type-variable-subscription","15":"has-default-attributes"},"bundled_by":["8023"],"bundle_stock_status":"instock","bundle_stock_quantity":null,"bundle_virtual":false,"bundle_layout":"","bundle_add_to_cart_form_location":"","bundle_editable_in_cart":false,"bundle_sold_individually_context":"","bundle_item_grouping":"","bundle_min_size":"","bundle_max_size":"","bundle_price":[],"bundled_items":[],"bundle_sell_ids":[],"acf":[],"_links":{"self":[{"href":"https:\/\/cursoidiomas.es\/no\/wp-json\/wp\/v2\/product\/8022","targetHints":{"allow":["GET"]}}],"collection":[{"href":"https:\/\/cursoidiomas.es\/no\/wp-json\/wp\/v2\/product"}],"about":[{"href":"https:\/\/cursoidiomas.es\/no\/wp-json\/wp\/v2\/types\/product"}],"replies":[{"embeddable":true,"href":"https:\/\/cursoidiomas.es\/no\/wp-json\/wp\/v2\/comments?post=8022"}],"wp:featuredmedia":[{"embeddable":true,"href":"https:\/\/cursoidiomas.es\/no\/wp-json\/wp\/v2\/media\/7927"}],"wp:attachment":[{"href":"https:\/\/cursoidiomas.es\/no\/wp-json\/wp\/v2\/media?parent=8022"}],"wp:term":[{"taxonomy":"product_brand","embeddable":true,"href":"https:\/\/cursoidiomas.es\/no\/wp-json\/wp\/v2\/product_brand?post=8022"},{"taxonomy":"product_cat","embeddable":true,"href":"https:\/\/cursoidiomas.es\/no\/wp-json\/wp\/v2\/product_cat?post=8022"},{"taxonomy":"product_tag","embeddable":true,"href":"https:\/\/cursoidiomas.es\/no\/wp-json\/wp\/v2\/product_tag?post=8022"}],"curies":[{"name":"wp","href":"https:\/\/api.w.org\/{rel}","templated":true}]}}