{"id":8023,"date":"2022-10-11T14:30:48","date_gmt":"2022-10-11T14:30:48","guid":{"rendered":"https:\/\/cursoidiomas.es\/product\/8023\/"},"modified":"2026-02-04T17:49:29","modified_gmt":"2026-02-04T16:49:29","slug":"spansk-interaktivt-kurs-klasser","status":"publish","type":"product","link":"https:\/\/cursoidiomas.es\/no\/produkt\/spansk-interaktivt-kurs-klasser\/","title":{"rendered":"Spansk: Interaktivt kurs + Klasser"},"content":{"rendered":"<p>F\u00e5 tilgang til interaktive leksjoner og oppgaver, og studer n\u00e5r og hvor du vil. Inkludert f\u00e5r du personlig veiledning med l\u00e6rer en gang i uken for \u00e5 veilede deg gjennom kurset.<\/p>\n<p>Registrer deg n\u00e5 for \u00e5 begynne \u00e5 l\u00e6re spansk enkelt i ditt eget tempo \u2013 fra hjemmet ditt eller hvor du enn er.<\/p>\n<p><strong>Kursene inkluderer:<\/strong><\/p>\n<ul>\n<li>Interaktive leksjoner<\/li>\n<li>Audiovisuelle leksjoner<\/li>\n<li>Interaktive oppgaver<\/li>\n<li>Live online klasser<\/li>\n<li>Individuell veiledning med l\u00e6rer<\/li>\n<li>Eksamener og attester<\/li>\n<li>Sp\u00f8rsm\u00e5l og svar meldingssystem<\/li>\n<li>Integrert oversetter<\/li>\n<\/ul>\n<p><strong>Du vil l\u00e6re om:<\/strong><\/p>\n<ul>\n<li>Alfabetet<\/li>\n<li>Staving og skriving<\/li>\n<li>Uttale<\/li>\n<li>Lesing og forst\u00e5else<\/li>\n<li>Lytting og samtale<\/li>\n<li>Tall<\/li>\n<li>Klokka<\/li>\n<li>Grammatikk<\/li>\n<li>Land og kultur<\/li>\n<\/ul>\n","protected":false},"excerpt":{"rendered":"<p>F\u00e5 tilgang til omtrent 100 interaktive leksjoner og oppgaver, og studer n\u00e5r og hvor du vil. Inkludert f\u00e5r du personlig veiledning med l\u00e6rer en gang i uken for \u00e5 veilede deg gjennom kurset.<\/p>\n<p><strong>Registrer deg n\u00e5 for \u00e5 begynne \u00e5 l\u00e6re spansk enkelt i ditt eget tempo \u2013 fra hjemmet ditt eller hvor du enn er.<\/strong><\/p>\n","protected":false},"featured_media":8026,"comment_status":"closed","ping_status":"closed","template":"","meta":{"_acf_changed":false},"product_brand":[],"product_cat":[55],"product_tag":[],"class_list":{"0":"post-8023","1":"product","2":"type-product","3":"status-publish","4":"has-post-thumbnail","6":"product_cat-norsk","8":"first","9":"instock","10":"downloadable","11":"virtual","12":"sold-individually","13":"taxable","14":"purchasable","15":"product-type-bundle"},"bundled_by":[],"bundle_stock_status":"instock","bundle_stock_quantity":"","bundle_virtual":false,"bundle_layout":"default","bundle_add_to_cart_form_location":"default","bundle_editable_in_cart":false,"bundle_sold_individually_context":"product","bundle_item_grouping":"parent","bundle_min_size":"","bundle_max_size":"","bundle_price":{"price":{"min":{"incl_tax":"0","excl_tax":"0"},"max":{"incl_tax":"0","excl_tax":"0"}},"regular_price":{"min":{"incl_tax":"0","excl_tax":"0"},"max":{"incl_tax":"0","excl_tax":"0"}}},"bundled_items":[{"bundled_item_id":9,"product_id":7420,"menu_order":0,"quantity_min":1,"quantity_max":1,"quantity_default":1,"priced_individually":true,"shipped_individually":true,"override_title":false,"title":"Spansk: Interaktivt kurs","override_description":false,"description":"Spansk: Interaktivt kurs","optional":false,"hide_thumbnail":false,"discount":"","override_variations":false,"allowed_variations":[""],"override_default_variation_attributes":false,"default_variation_attributes":[],"single_product_visibility":"visible","cart_visibility":"visible","order_visibility":"visible","single_product_price_visibility":"visible","cart_price_visibility":"visible","order_price_visibility":"visible","stock_status":"in_stock"},{"bundled_item_id":10,"product_id":8022,"menu_order":1,"quantity_min":1,"quantity_max":1,"quantity_default":1,"priced_individually":true,"shipped_individually":true,"override_title":false,"title":"Spansk: Klasser","override_description":false,"description":"Spansk: Klasser","optional":false,"hide_thumbnail":false,"discount":"","override_variations":true,"allowed_variations":[8531],"override_default_variation_attributes":false,"default_variation_attributes":[],"single_product_visibility":"visible","cart_visibility":"visible","order_visibility":"visible","single_product_price_visibility":"visible","cart_price_visibility":"visible","order_price_visibility":"visible","stock_status":"in_stock"}],"bundle_sell_ids":[],"acf":[],"_links":{"self":[{"href":"https:\/\/cursoidiomas.es\/no\/wp-json\/wp\/v2\/product\/8023","targetHints":{"allow":["GET"]}}],"collection":[{"href":"https:\/\/cursoidiomas.es\/no\/wp-json\/wp\/v2\/product"}],"about":[{"href":"https:\/\/cursoidiomas.es\/no\/wp-json\/wp\/v2\/types\/product"}],"replies":[{"embeddable":true,"href":"https:\/\/cursoidiomas.es\/no\/wp-json\/wp\/v2\/comments?post=8023"}],"wp:featuredmedia":[{"embeddable":true,"href":"https:\/\/cursoidiomas.es\/no\/wp-json\/wp\/v2\/media\/8026"}],"wp:attachment":[{"href":"https:\/\/cursoidiomas.es\/no\/wp-json\/wp\/v2\/media?parent=8023"}],"wp:term":[{"taxonomy":"product_brand","embeddable":true,"href":"https:\/\/cursoidiomas.es\/no\/wp-json\/wp\/v2\/product_brand?post=8023"},{"taxonomy":"product_cat","embeddable":true,"href":"https:\/\/cursoidiomas.es\/no\/wp-json\/wp\/v2\/product_cat?post=8023"},{"taxonomy":"product_tag","embeddable":true,"href":"https:\/\/cursoidiomas.es\/no\/wp-json\/wp\/v2\/product_tag?post=8023"}],"curies":[{"name":"wp","href":"https:\/\/api.w.org\/{rel}","templated":true}]}}